{"id":189,"date":"2018-06-20T21:39:17","date_gmt":"2018-06-20T19:39:17","guid":{"rendered":"http:\/\/beregsurany.hu\/?page_id=189"},"modified":"2018-08-19T11:48:42","modified_gmt":"2018-08-19T09:48:42","slug":"bolcsode-epitese-es-ovoda-felujitasa-beregsuranyban","status":"publish","type":"page","link":"https:\/\/beregsurany.hu\/?page_id=189","title":{"rendered":"B\u00d6LCS\u0150DE \u00c9P\u00cdT\u00c9SE \u00c9S \u00d3VODA FEL\u00daJ\u00cdT\u00c1SA BEREGSUR\u00c1NYBAN"},"content":{"rendered":"<p><img loading=\"lazy\" decoding=\"async\" class=\"aligncenter size-full wp-image-187\" src=\"https:\/\/beregsurany.hu\/wp-content\/uploads\/2018\/06\/ovoda-c-tabla.jpg\" alt=\"\" width=\"817\" height=\"577\" srcset=\"https:\/\/beregsurany.hu\/wp-content\/uploads\/2018\/06\/ovoda-c-tabla.jpg 817w, https:\/\/beregsurany.hu\/wp-content\/uploads\/2018\/06\/ovoda-c-tabla-300x212.jpg 300w, https:\/\/beregsurany.hu\/wp-content\/uploads\/2018\/06\/ovoda-c-tabla-768x542.jpg 768w\" sizes=\"auto, (max-width: 817px) 100vw, 817px\" \/><\/p>\n<div><\/div>\n<div><strong>Projekt azonos\u00edt\u00f3:TOP-1.4.1-15-SB1-201<wbr \/>6-00075<\/strong><\/div>\n<div><strong>Projekt c\u00edme:\u00a0B\u00f6lcs\u0151de \u00e9p\u00edt\u00e9se \u00e9s \u00f3voda fel\u00faj\u00edt\u00e1sa Beregsur\u00e1nyban<\/strong><\/div>\n<div><\/div>\n<div>.<\/div>\n<div>Beregsur\u00e1ny K\u00f6zs\u00e9g \u00d6nkorm\u00e1nyzata\u00a0a projekt keret\u00e9ben k\u00edv\u00e1nja megval\u00f3s\u00edtani a\u00a0\u00a0<a href=\"https:\/\/maps.google.com\/?q=4933.+Beregsur%C3%A1ny+%C3%81rp%C3%A1d+utca+73.+sz%C3%A1m&amp;entry=gmail&amp;source=g\" target=\"_blank\" rel=\"noopener\" data-saferedirecturl=\"https:\/\/www.google.com\/url?hl=hu&amp;q=https:\/\/maps.google.com\/?q%3D4933.%2BBeregsur%25C3%25A1ny%2B%25C3%2581rp%25C3%25A1d%2Butca%2B73.%2Bsz%25C3%25A1m%26entry%3Dgmail%26source%3Dg&amp;source=gmail&amp;ust=1534757731641000&amp;usg=AFQjCNGt05Wr1gVZ5zi2_j0weqSAFHv7yw\">4933. Beregsur\u00e1ny \u00c1rp\u00e1d utca 73. sz\u00e1m<\/a>\u00a0alatti ingatlanon megl\u00e9v\u0151 2004 \u00e9vben \u00e9p\u00fclt \u00f3voda \u00e9p\u00fclet\u00e9nek minim\u00e1lis \u00e1talak\u00edt\u00e1s\u00e1t, a sz\u00fcks\u00e9ges hi\u00e1nyz\u00f3 helyis\u00e9gek meg\u00e9p\u00edt\u00e9s\u00e9vel (b\u0151v\u00edt\u00e9ssel) .<\/div>\n<div>Az int\u00e9zm\u00e9nyben egy 25 f\u00e9r\u0151helyes \u00f3vodai csoport \u00e9s egy 7 f\u0151s minib\u00f6lcs\u0151dei csoport m\u0171k\u00f6dne. A megl\u00e9v\u0151 2 csoportos \u00f3vodai funkci\u00f3t ell\u00e1t\u00f3 csoportszoba egyik\u00e9b\u0151l, mini b\u00f6lcs\u0151dei feladat ell\u00e1t\u00f3 gyermekszoba lenne kialak\u00edtva, ez\u00e1ltal biztos\u00edtva a felszabadul\u00f3 gyermek\u00f6lt\u00f6z\u0151 \u00e9s gyermekmosd\u00f3 szabv\u00e1nyban el\u0151\u00edrt 1 \u00f3vodai csoportszob\u00e1hoz sz\u00fcks\u00e9ges helyis\u00e9g alapter\u00fclet megl\u00e9t\u00e9t.<\/div>\n<div>A b\u0151v\u00edt\u00e9sben a funkci\u00f3hoz kapcsol\u00f3d\u00f3 kiszolg\u00e1l\u00f3helyis\u00e9gek ker\u00fclnek kialak\u00edt\u00e1sra. Az \u00faj funkci\u00f3 \u00f6n\u00e1ll\u00f3 megk\u00f6zel\u00edt\u00e9ssel rendelkezik, nem zavarva az \u00f3vodai feladatell\u00e1t\u00e1st. A mini b\u00f6lcs\u0151de kialak\u00edt\u00e1s\u00e1n\u00e1l a 6\/2016. (III. 24.) EMMI rendeletet vett\u00fck figyelembe.<\/div>\n<div>Az \u00e9p\u00edt\u00e9si tev\u00e9kenys\u00e9g (fel\u00faj\u00edt\u00e1s-b\u0151v\u00edt\u00e9s) sor\u00e1n a villamos energia felhaszn\u00e1l\u00e1st napelemes rendszerrel (alternat\u00edv energiahasznos\u00edt\u00e1s) k\u00edv\u00e1njuk cs\u00f6kkenteni.<\/div>\n<div>A fel\u00faj\u00edt\u00e1s \u00e9s \u00e1talak\u00edt\u00e1s tev\u00e9kenys\u00e9gei:<\/div>\n<div style=\"padding-left: 30px;\">\u2022 A megl\u00e9v\u0151 \u00e9p\u00fclet\u00e9sz k\u00fcls\u0151 homlokzati fala ut\u00f3lagos h\u0151szigetel\u00e9ssel lesz ell\u00e1tva a meg\u00e9p\u00fcl\u0151 b\u0151v\u00edtm\u00e9nnyel egy\u00fctt.<\/div>\n<div style=\"padding-left: 30px;\">\u2022 A tornaszoba, sportpadl\u00f3 burkolatot kap<\/div>\n<div style=\"padding-left: 30px;\">\u2022 Az\u00a0elk\u00fcl\u00f6n\u00edt\u0151 szoba ajtaja \u00fcvegezett ajt\u00f3ra lesz kicser\u00e9lve<\/div>\n<div style=\"padding-left: 30px;\">\u2022 A megl\u00e9v\u0151 \u00e9s megmarad\u00f3 csoportszob\u00e1ra az elk\u00fcl\u00f6n\u00edt\u0151 szoba fel\u0151l \u00faj ajt\u00f3ny\u00edl\u00e1s ker\u00fcl\u00a0kialak\u00edt\u00e1sra \u00fcvegezett ajt\u00f3val<\/div>\n<div style=\"padding-left: 30px;\">\u2022 A b\u00f6lcs\u0151dei szob\u00e1n is \u00faj ajt\u00f3ny\u00edl\u00e1s ker\u00fcl kiv\u00e1lt\u00e1sra \u00fcvegezett ajt\u00f3val.<\/div>\n<div style=\"padding-left: 30px;\">\u2022 A gazdas\u00e1gtalan \u00fczem\u0171 ny\u00edlt \u00e9g\u00e9ster\u0171 kaz\u00e1n\u00a0kicser\u00e9l\u00e9sre ker\u00fcl \u00faj kondenz\u00e1ci\u00f3s g\u00e1z\u00fczem\u0171 kaz\u00e1nra<\/div>\n<div><\/div>\n<div>Figyelemmel a Helyi \u00c9p\u00edt\u00e9si Szab\u00e1lyzatra \u00e9s az abban foglalt el\u0151\u00edr\u00e1sokra, a tervezett 164\/2 helyrajzi sz\u00e1m\u00fa\u00a0ingatlanon t\u00e9rm\u00e9rt\u00e9k\u00e9t tekintve egy nett\u00f3 161 m2 nett\u00f3 alapter\u00fclet\u0171 \u00e9p\u00edtm\u00e9ny elhelyez\u00e9s\u00e9re van sz\u00fcks\u00e9g kb. 27 m2 alapter\u00fclet\u0171 fedett\u00a0terasszal.<\/div>\n<div>Az \u00e9p\u00fclettel szemben t\u00e1masztott k\u00f6vetelm\u00e9nyek az al\u00e1bbiak:<\/div>\n<div>Kialak\u00edt\u00e1sa: f\u00f6ldszintes \u00e9p\u00fclet.<\/div>\n<div>A b\u0151v\u00edtm\u00e9ny a megl\u00e9v\u0151 \u00e9p\u00fclet folytat\u00e1sak\u00e9nt\u00a0\u00e9p\u00fclj\u00f6n meg st\u00edlus\u00e1ban hasonl\u00f3 m\u00f3don.<\/div>\n<div>A b\u0151v\u00edtm\u00e9nyben a mini b\u00f6lcs\u0151de kiszolg\u00e1l\u00e1s\u00e1hoz sz\u00fcks\u00e9ges helyis\u00e9gek kapjanak helyet, de egy nagyobb\u00a0m\u00e9ret\u0171 irodahelyis\u00e9g is f\u00e9rjen el a gondoz\u00f3k-nevel\u0151k r\u00e9sz\u00e9re.<\/div>\n<div>A b\u0151v\u00edtm\u00e9nyben sz\u00fcks\u00e9ges elhelyezni a dolgoz\u00f3k r\u00e9sz\u00e9re egy teakonyh\u00e1t, illetve egy\u00a0nagyobb m\u00e9ret\u0171 rakt\u00e1rhelyis\u00e9get is illetve a b\u00f6lcs\u0151d\u00e9s kor\u00fa gyermekek \u00e9tkeztet\u00e9s\u00e9hez sz\u00fcks\u00e9ges meleg\u00edt\u0151konyh\u00e1t is.<\/div>\n<div>A szem\u00e9lyzet r\u00e9sz\u00e9re a\u00a0megl\u00e9v\u0151 \u00e9p\u00fcletben m\u00e1r kialak\u00edtott \u00f6lt\u00f6z\u0151 \u00e9s vizesblokk k\u00f6z\u00f6s haszn\u00e1lat\u00fa.<\/div>\n<div>A mini b\u00f6lcs\u0151de \u00e9p\u00fcletr\u00e9sz \u00f6n\u00e1ll\u00f3 bej\u00e1rattal is megk\u00f6zel\u00edthet\u0151 legyenek.<\/div>\n<div>\u00daj\u00a0parkol\u00f3 l\u00e9tes\u00edtm\u00e9ny \u00e9p\u00edt\u00e9s\u00e9re nincs sz\u00fcks\u00e9g, mert a rendelkez\u00e9sre \u00e1ll\u00f3 parkol\u00f3 mennyis\u00e9g (8 db) ki\u00e9p\u00edtett \u00e9s rendelkez\u00e9sre \u00e1ll.<\/div>\n<div>A j\u00e1tsz\u00f3 udvar a t\u00f6mb\u00a0bels\u0151ben ker\u00fclj\u00f6n kialak\u00edt\u00e1sra r\u00e9szben nyitott \u00e9s n\u00f6v\u00e9nyzettel \u00e1rny\u00e9kolt ker\u00edt\u00e9ssel lehat\u00e1rolt ter\u00fcleten.<\/div>\n","protected":false},"excerpt":{"rendered":"<p>Projekt azonos\u00edt\u00f3:TOP-1.4.1-15-SB1-2016-00075 Projekt c\u00edme:\u00a0B\u00f6lcs\u0151de \u00e9p\u00edt\u00e9se \u00e9s \u00f3voda fel\u00faj\u00edt\u00e1sa Beregsur\u00e1nyban . Beregsur\u00e1ny K\u00f6zs\u00e9g \u00d6nkorm\u00e1nyzata\u00a0a projekt keret\u00e9ben k\u00edv\u00e1nja megval\u00f3s\u00edtani a\u00a0\u00a04933. Beregsur\u00e1ny \u00c1rp\u00e1d utca 73. sz\u00e1m\u00a0alatti ingatlanon megl\u00e9v\u0151 2004 \u00e9vben \u00e9p\u00fclt \u00f3voda \u00e9p\u00fclet\u00e9nek minim\u00e1lis \u00e1talak\u00edt\u00e1s\u00e1t, a sz\u00fcks\u00e9ges hi\u00e1nyz\u00f3 helyis\u00e9gek meg\u00e9p\u00edt\u00e9s\u00e9vel (b\u0151v\u00edt\u00e9ssel) . Az int\u00e9zm\u00e9nyben egy 25 f\u00e9r\u0151helyes \u00f3vodai csoport \u00e9s egy 7 f\u0151s minib\u00f6lcs\u0151dei csoport m\u0171k\u00f6dne. A megl\u00e9v\u0151 &hellip; <\/p>\n<p><a class=\"more-link btn\" href=\"https:\/\/beregsurany.hu\/?page_id=189\">Olvass tov\u00e1bb<\/a><\/p>\n","protected":false},"author":1,"featured_media":0,"parent":0,"menu_order":0,"comment_status":"closed","ping_status":"closed","template":"","meta":{"footnotes":""},"class_list":["post-189","page","type-page","status-publish","hentry","nodate","item-wrap"],"_links":{"self":[{"href":"https:\/\/beregsurany.hu\/index.php?rest_route=\/wp\/v2\/pages\/189","targetHints":{"allow":["GET"]}}],"collection":[{"href":"https:\/\/beregsurany.hu\/index.php?rest_route=\/wp\/v2\/pages"}],"about":[{"href":"https:\/\/beregsurany.hu\/index.php?rest_route=\/wp\/v2\/types\/page"}],"author":[{"embeddable":true,"href":"https:\/\/beregsurany.hu\/index.php?rest_route=\/wp\/v2\/users\/1"}],"replies":[{"embeddable":true,"href":"https:\/\/beregsurany.hu\/index.php?rest_route=%2Fwp%2Fv2%2Fcomments&post=189"}],"version-history":[{"count":7,"href":"https:\/\/beregsurany.hu\/index.php?rest_route=\/wp\/v2\/pages\/189\/revisions"}],"predecessor-version":[{"id":197,"href":"https:\/\/beregsurany.hu\/index.php?rest_route=\/wp\/v2\/pages\/189\/revisions\/197"}],"wp:attachment":[{"href":"https:\/\/beregsurany.hu\/index.php?rest_route=%2Fwp%2Fv2%2Fmedia&parent=189"}],"curies":[{"name":"wp","href":"https:\/\/api.w.org\/{rel}","templated":true}]}}