{"id":259,"date":"2019-12-26T18:34:10","date_gmt":"2019-12-26T17:34:10","guid":{"rendered":"http:\/\/beregsurany.hu\/?page_id=259"},"modified":"2019-12-26T18:54:25","modified_gmt":"2019-12-26T17:54:25","slug":"partnerseget-epitunk-projektnyito-rendezveny","status":"publish","type":"page","link":"https:\/\/beregsurany.hu\/?page_id=259","title":{"rendered":"Partners\u00e9get \u00e9p\u00edt\u00fcnk &#8211; Projektnyit\u00f3 rendezv\u00e9ny"},"content":{"rendered":"\n<p><strong>Projektnyit\u00f3 rendezv\u00e9ny 2019. j\u00falius 20.<\/strong><\/p>\n<p>A Via Carpatia Korl\u00e1tolt Felel\u0151ss\u00e9g\u0171 Eur\u00f3pai Ter\u00fcleti Egy\u00fcttm\u0171k\u00f6d\u00e9si Csoportosul\u00e1s, a Kassa (Ko\u0161ice) Megyei \u00d6nkorm\u00e1nyzat \u00e9s a Sz\u00e9chenyi Programiroda Nonprofit Kft. meghirdeti az Interreg V-A Szlov\u00e1kia-Magyarorsz\u00e1g Egy\u00fcttm\u0171k\u00f6d\u00e9si Program r\u00e9szek\u00e9nt megval\u00f3s\u00edtand\u00f3 Kisprojekt Alap projektjeinek p\u00e9nz\u00fcgyi t\u00e1mogat\u00e1s\u00e1ra vonatkoz\u00f3 p\u00e1ly\u00e1zati felh\u00edv\u00e1s\u00e1t Az Interreg V-A Szlov\u00e1kia \u2013 Magyarorsz\u00e1g Egy\u00fcttm\u0171k\u00f6d\u00e9si Programot (a tov\u00e1bbiakban: Program) 2015.09.30-\u00e1n fogadta el az Eur\u00f3pai Bizotts\u00e1g .<\/p>\n<p><strong>P\u00e1ly\u00e1zott ter\u00fclet: <\/strong>PT1 -Term\u00e9szet \u00e9s kult\u00fara<\/p>\n<p>Ehhez az \u00f6nkorm\u00e1nyzat k\u00e9pvisel\u0151- test\u00fclete d\u00f6nt\u00e9st hozott:<\/p>\n<p><strong>Beregsur\u00e1ny K\u00f6zs\u00e9gi \u00d6nkorm\u00e1nyzat\u00a0<\/strong><strong>K\u00e9pvisel\u0151- test\u00fclet\u00e9nek\u00a0<\/strong><strong>60\/2018 (VII.03.) sz\u00e1m\u00fa \u00d6t. hat\u00e1rozata<\/strong><strong style=\"font-size: inherit;\">\u00a0<\/strong><\/p>\n<p><strong>D\u00f6nt\u00e9s p\u00e1ly\u00e1zat beny\u00fajt\u00e1s\u00e1r\u00f3l\u00a0 \u00e9s saj\u00e1t er\u0151 biztos\u00edt\u00e1s\u00e1r\u00f3l\u00a0<\/strong><\/p>\n<p><strong>1.) <\/strong>Beregsur\u00e1ny K\u00f6zs\u00e9g \u00d6nkorm\u00e1nyzat\u00e1nak K\u00e9pvisel\u0151-test\u00fclete <strong>d\u00f6nt\u00f6tt arr\u00f3l,<\/strong>\u00a0\u00a0hogy <strong>p\u00e1ly\u00e1zatot ny\u00fajt <\/strong>be Interreg V-A Szlov\u00e1kia \u2013 Magyarorsz\u00e1g Egy\u00fcttm\u0171k\u00f6d\u00e9si Program Kisprojekt Alap keret\u00e9ben az 1. priorit\u00e1si tengely \u2013 Term\u00e9szet \u00e9s kult\u00fara \u2013 sport \u2013 t\u00f6bbfunkci\u00f3s j\u00e1tsz\u00f3terek \u00e9p\u00edt\u00e9se kateg\u00f3ri\u00e1ba.<\/p>\n<p><strong>P\u00e1ly\u00e1zati felh\u00edv\u00e1s sz\u00e1ma: SKHU\/ETA\/1801 <\/strong><\/p>\n<p><strong>\u00a0<\/strong><strong>2.)<\/strong> Beregsur\u00e1ny K\u00f6zs\u00e9g \u00d6nkorm\u00e1nyzata K\u00e9pvisel\u0151-test\u00fclete v\u00e1llalja a beruh\u00e1z\u00e1s megval\u00f3s\u00edt\u00e1s\u00e1hoz <strong><u>saj\u00e1t er\u0151 biztos\u00edt\u00e1s\u00e1t <\/u><\/strong>: <strong><u>3860,66 Eur\u00f3<\/u><\/strong> <strong><u>\u00f6sszegben .\u00a0 <\/u><\/strong>A k\u00e9pvisel\u0151- test\u00fclet a p\u00e1ly\u00e1zathoz sz\u00fcks\u00e9ges saj\u00e1t er\u0151 \u00f6sszeg\u00e9t a 2018\/ 2019. \u00e9vi k\u00f6lts\u00e9gvet\u00e9se terh\u00e9re k\u00edv\u00e1nja biztos\u00edtani.<\/p>\n<table class=\" aligncenter\" style=\"width: 100%; border-collapse: collapse;\">\n<tbody>\n<tr>\n<td style=\"width: 317px; vertical-align: middle;\">\n<h4><img loading=\"lazy\" decoding=\"async\" class=\"aligncenter size-medium wp-image-261\" src=\"https:\/\/beregsurany.hu\/wp-content\/uploads\/2019\/12\/sk-hu-300x60.jpg\" alt=\"\" width=\"300\" height=\"60\" srcset=\"https:\/\/beregsurany.hu\/wp-content\/uploads\/2019\/12\/sk-hu-300x60.jpg 300w, https:\/\/beregsurany.hu\/wp-content\/uploads\/2019\/12\/sk-hu.jpg 600w\" sizes=\"auto, (max-width: 300px) 100vw, 300px\" \/><span style=\"color: #3366ff;\"><strong>PARTNERS\u00c9GET \u00c9P\u00cdT\u00dcNK<\/strong><\/span><\/h4>\n<\/td>\n<td style=\"width: 317px; vertical-align: middle;\"><img loading=\"lazy\" decoding=\"async\" class=\"size-thumbnail wp-image-263 aligncenter\" src=\"https:\/\/beregsurany.hu\/wp-content\/uploads\/2019\/12\/viacarpatia-150x150.png\" alt=\"\" width=\"150\" height=\"150\" \/><\/td>\n<\/tr>\n<\/tbody>\n<\/table>\n<h4>\u00a0<\/h4>\n<h4 style=\"text-align: center;\"><span style=\"color: #0000ff;\">MEGH\u00cdV\u00d3<\/span><br \/><span style=\"color: #0000ff;\">Projektnyit\u00f3 rendezv\u00e9ny \u2013 csereprogram<\/span><br \/><span style=\"color: #0000ff;\">2019. j\u00falius 20. (szombat) 10.00 \u00f3r\u00e1t\u00f3l<\/span><\/h4>\n<p style=\"text-align: center;\">9.00 : Gy\u00fclekez\u0151 a Kast\u00e9lypark udvar\u00e1n<br \/>vend\u00e9gfogad\u00e1s , \u00e1ll\u00f3fogad\u00e1s<\/p>\n<p style=\"text-align: center;\">10.00 : Projektnyit\u00f3 rendezv\u00e9ny K\u00f6zs\u00e9gi \u00d6nkorm\u00e1nyzat kisterme<br \/>A rendezv\u00e9nyt megnyitja : Herka Istv\u00e1n polg\u00e1rmester <br \/>K\u00f6sz\u00f6nt\u0151t mond: Sipos Istv\u00e1n polg\u00e1rmester<\/p>\n<p style=\"text-align: center;\">12.00: Eb\u00e9d , ismerked\u00e9s<\/p>\n<table style=\"border-collapse: collapse; width: 100%;\">\n<tbody>\n<tr>\n<td style=\"width: 33.3333%;\"><img loading=\"lazy\" decoding=\"async\" class=\"aligncenter  wp-image-267\" src=\"https:\/\/beregsurany.hu\/wp-content\/uploads\/2019\/12\/013-300x214.png\" alt=\"\" width=\"259\" height=\"184\" srcset=\"https:\/\/beregsurany.hu\/wp-content\/uploads\/2019\/12\/013-300x214.png 300w, https:\/\/beregsurany.hu\/wp-content\/uploads\/2019\/12\/013.png 581w\" sizes=\"auto, (max-width: 259px) 100vw, 259px\" \/><\/td>\n<td style=\"width: 33.3333%;\"><img loading=\"lazy\" decoding=\"async\" class=\"aligncenter size-medium wp-image-268\" src=\"https:\/\/beregsurany.hu\/wp-content\/uploads\/2019\/12\/122-300x225.jpg\" alt=\"\" width=\"300\" height=\"225\" srcset=\"https:\/\/beregsurany.hu\/wp-content\/uploads\/2019\/12\/122-300x225.jpg 300w, https:\/\/beregsurany.hu\/wp-content\/uploads\/2019\/12\/122.jpg 480w\" sizes=\"auto, (max-width: 300px) 100vw, 300px\" \/><\/td>\n<td style=\"width: 33.3333%;\"><img loading=\"lazy\" decoding=\"async\" class=\"aligncenter size-medium wp-image-266\" src=\"https:\/\/beregsurany.hu\/wp-content\/uploads\/2019\/12\/012-300x283.png\" alt=\"\" width=\"300\" height=\"283\" srcset=\"https:\/\/beregsurany.hu\/wp-content\/uploads\/2019\/12\/012-300x283.png 300w, https:\/\/beregsurany.hu\/wp-content\/uploads\/2019\/12\/012.png 463w\" sizes=\"auto, (max-width: 300px) 100vw, 300px\" \/><\/td>\n<\/tr>\n<\/tbody>\n<\/table>\n","protected":false},"excerpt":{"rendered":"<p>Projektnyit\u00f3 rendezv\u00e9ny 2019. j\u00falius 20. A Via Carpatia Korl\u00e1tolt Felel\u0151ss\u00e9g\u0171 Eur\u00f3pai Ter\u00fcleti Egy\u00fcttm\u0171k\u00f6d\u00e9si Csoportosul\u00e1s, a Kassa (Ko\u0161ice) Megyei \u00d6nkorm\u00e1nyzat \u00e9s a Sz\u00e9chenyi Programiroda Nonprofit Kft. meghirdeti az Interreg V-A Szlov\u00e1kia-Magyarorsz\u00e1g Egy\u00fcttm\u0171k\u00f6d\u00e9si Program r\u00e9szek\u00e9nt megval\u00f3s\u00edtand\u00f3 Kisprojekt Alap projektjeinek p\u00e9nz\u00fcgyi t\u00e1mogat\u00e1s\u00e1ra vonatkoz\u00f3 p\u00e1ly\u00e1zati felh\u00edv\u00e1s\u00e1t Az Interreg V-A Szlov\u00e1kia \u2013 Magyarorsz\u00e1g Egy\u00fcttm\u0171k\u00f6d\u00e9si Programot (a tov\u00e1bbiakban: Program) 2015.09.30-\u00e1n fogadta &hellip; <\/p>\n<p><a class=\"more-link btn\" href=\"https:\/\/beregsurany.hu\/?page_id=259\">Olvass tov\u00e1bb<\/a><\/p>\n","protected":false},"author":1,"featured_media":0,"parent":0,"menu_order":0,"comment_status":"closed","ping_status":"closed","template":"","meta":{"footnotes":""},"class_list":["post-259","page","type-page","status-publish","hentry","nodate","item-wrap"],"_links":{"self":[{"href":"https:\/\/beregsurany.hu\/index.php?rest_route=\/wp\/v2\/pages\/259","targetHints":{"allow":["GET"]}}],"collection":[{"href":"https:\/\/beregsurany.hu\/index.php?rest_route=\/wp\/v2\/pages"}],"about":[{"href":"https:\/\/beregsurany.hu\/index.php?rest_route=\/wp\/v2\/types\/page"}],"author":[{"embeddable":true,"href":"https:\/\/beregsurany.hu\/index.php?rest_route=\/wp\/v2\/users\/1"}],"replies":[{"embeddable":true,"href":"https:\/\/beregsurany.hu\/index.php?rest_route=%2Fwp%2Fv2%2Fcomments&post=259"}],"version-history":[{"count":4,"href":"https:\/\/beregsurany.hu\/index.php?rest_route=\/wp\/v2\/pages\/259\/revisions"}],"predecessor-version":[{"id":270,"href":"https:\/\/beregsurany.hu\/index.php?rest_route=\/wp\/v2\/pages\/259\/revisions\/270"}],"wp:attachment":[{"href":"https:\/\/beregsurany.hu\/index.php?rest_route=%2Fwp%2Fv2%2Fmedia&parent=259"}],"curies":[{"name":"wp","href":"https:\/\/api.w.org\/{rel}","templated":true}]}}