{"id":273,"date":"2019-12-26T19:02:49","date_gmt":"2019-12-26T18:02:49","guid":{"rendered":"http:\/\/beregsurany.hu\/?page_id=273"},"modified":"2019-12-26T19:02:49","modified_gmt":"2019-12-26T18:02:49","slug":"partnerseget-epitunk-beszamolo-a-megvalositasrol","status":"publish","type":"page","link":"https:\/\/beregsurany.hu\/?page_id=273","title":{"rendered":"Partners\u00e9get \u00e9p\u00edt\u00fcnk &#8211; Besz\u00e1mol\u00f3 a megval\u00f3s\u00edt\u00e1sr\u00f3l"},"content":{"rendered":"\n<p>2019. j\u00falius 20. napj\u00e1n sor ker\u00fclt a projektnyit\u00f3 rendezv\u00e9ny megtart\u00e1s\u00e1ra.<br \/>A k\u00e9pvisel\u0151 test\u00fclet kor\u00e1bbi d\u00f6nt\u00e9se alapj\u00e1n megt\u00f6rt\u00e9nt a j\u00e1tsz\u00f3t\u00e9ri eszk\u00f6z\u00f6k beszerz\u00e9s\u00e9re az aj\u00e1nlatt\u00e9telez\u00e9si elj\u00e1r\u00e1s lefolytat\u00e1sa , melynek keret\u00e9ben beszerz\u00e9sre ker\u00fcltek az eszk\u00f6z\u00f6k.<\/p>\n<p><img loading=\"lazy\" decoding=\"async\" class=\"aligncenter size-medium wp-image-274\" src=\"https:\/\/beregsurany.hu\/wp-content\/uploads\/2019\/12\/201-238x300.png\" alt=\"\" width=\"238\" height=\"300\" srcset=\"https:\/\/beregsurany.hu\/wp-content\/uploads\/2019\/12\/201-238x300.png 238w, https:\/\/beregsurany.hu\/wp-content\/uploads\/2019\/12\/201.png 589w\" sizes=\"auto, (max-width: 238px) 100vw, 238px\" \/><\/p>\n<p>A gyermekek nagy \u00f6r\u00f6mmel vehett\u00e9k birtokba a j\u00e1tsz\u00f3teret. <br \/>Ez az\u00e9rt is jelentett nagy el\u0151rel\u00e9p\u00e9st a telep\u00fcl\u00e9s \u00e9let\u00e9ben mivel Beregsur\u00e1ny telep\u00fcl\u00e9sen m\u00e9g nem volt k\u00f6z\u00f6ss\u00e9gi j\u00e1tsz\u00f3t\u00e9r \u00e9s ennek a p\u00e1ly\u00e1zatnak k\u00f6sz\u00f6nhet\u0151en ez is megval\u00f3sulhatott a telep\u00fcl\u00e9sen!<\/p>\n<p><img loading=\"lazy\" decoding=\"async\" class=\"aligncenter size-medium wp-image-275\" src=\"https:\/\/beregsurany.hu\/wp-content\/uploads\/2019\/12\/202-300x280.png\" alt=\"\" width=\"300\" height=\"280\" srcset=\"https:\/\/beregsurany.hu\/wp-content\/uploads\/2019\/12\/202-300x280.png 300w, https:\/\/beregsurany.hu\/wp-content\/uploads\/2019\/12\/202.png 727w\" sizes=\"auto, (max-width: 300px) 100vw, 300px\" \/><br \/>Ezzel a p\u00e1ly\u00e1zati lehet\u0151s\u00e9ggel a telep\u00fcl\u00e9s t\u00f6bb \u00e9vtizedes \u00e1lma v\u00e1lhatott val\u00f3ra , mivel a j\u00e1tsz\u00f3teret nem csak a telep\u00fcl\u00e9sen \u00e9l\u0151 gyermekek haszn\u00e1lj\u00e1k hanem a k\u00f6rnyez\u0151 telep\u00fcl\u00e9sekr\u0151l is sz\u00edves l\u00e1togatj\u00e1k a j\u00e1tsz\u00f3teret a gyermekek sz\u00fcleikkel \u2013 nagysz\u00fcleikkel.<\/p>\n","protected":false},"excerpt":{"rendered":"<p>2019. j\u00falius 20. napj\u00e1n sor ker\u00fclt a projektnyit\u00f3 rendezv\u00e9ny megtart\u00e1s\u00e1ra.A k\u00e9pvisel\u0151 test\u00fclet kor\u00e1bbi d\u00f6nt\u00e9se alapj\u00e1n megt\u00f6rt\u00e9nt a j\u00e1tsz\u00f3t\u00e9ri eszk\u00f6z\u00f6k beszerz\u00e9s\u00e9re az aj\u00e1nlatt\u00e9telez\u00e9si elj\u00e1r\u00e1s lefolytat\u00e1sa , melynek keret\u00e9ben beszerz\u00e9sre ker\u00fcltek az eszk\u00f6z\u00f6k. A gyermekek nagy \u00f6r\u00f6mmel vehett\u00e9k birtokba a j\u00e1tsz\u00f3teret. Ez az\u00e9rt is jelentett nagy el\u0151rel\u00e9p\u00e9st a telep\u00fcl\u00e9s \u00e9let\u00e9ben mivel Beregsur\u00e1ny telep\u00fcl\u00e9sen m\u00e9g nem volt k\u00f6z\u00f6ss\u00e9gi &hellip; <\/p>\n<p><a class=\"more-link btn\" href=\"https:\/\/beregsurany.hu\/?page_id=273\">Olvass tov\u00e1bb<\/a><\/p>\n","protected":false},"author":1,"featured_media":0,"parent":0,"menu_order":0,"comment_status":"closed","ping_status":"closed","template":"","meta":{"footnotes":""},"class_list":["post-273","page","type-page","status-publish","hentry","nodate","item-wrap"],"_links":{"self":[{"href":"https:\/\/beregsurany.hu\/index.php?rest_route=\/wp\/v2\/pages\/273","targetHints":{"allow":["GET"]}}],"collection":[{"href":"https:\/\/beregsurany.hu\/index.php?rest_route=\/wp\/v2\/pages"}],"about":[{"href":"https:\/\/beregsurany.hu\/index.php?rest_route=\/wp\/v2\/types\/page"}],"author":[{"embeddable":true,"href":"https:\/\/beregsurany.hu\/index.php?rest_route=\/wp\/v2\/users\/1"}],"replies":[{"embeddable":true,"href":"https:\/\/beregsurany.hu\/index.php?rest_route=%2Fwp%2Fv2%2Fcomments&post=273"}],"version-history":[{"count":1,"href":"https:\/\/beregsurany.hu\/index.php?rest_route=\/wp\/v2\/pages\/273\/revisions"}],"predecessor-version":[{"id":276,"href":"https:\/\/beregsurany.hu\/index.php?rest_route=\/wp\/v2\/pages\/273\/revisions\/276"}],"wp:attachment":[{"href":"https:\/\/beregsurany.hu\/index.php?rest_route=%2Fwp%2Fv2%2Fmedia&parent=273"}],"curies":[{"name":"wp","href":"https:\/\/api.w.org\/{rel}","templated":true}]}}