{"id":324,"date":"2020-10-01T10:39:23","date_gmt":"2020-10-01T08:39:23","guid":{"rendered":"http:\/\/beregsurany.hu\/?page_id=324"},"modified":"2024-09-02T09:06:28","modified_gmt":"2024-09-02T07:06:28","slug":"magyar-falu-program","status":"publish","type":"page","link":"https:\/\/beregsurany.hu\/?page_id=324","title":{"rendered":"MAGYAR FALU PROGRAM"},"content":{"rendered":"<div>\n<div>\u00a0<\/div>\n<div>\u00a0<\/div>\n<div class=\"wp-block-image\">\n<div class=\"wp-block-image\"><a href=\"https:\/\/beregsurany.hu\/?page_id=611\"><img loading=\"lazy\" decoding=\"async\" class=\"wpa-warning wpa-image-missing-alt aligncenter wp-image-619 size-full\" src=\"https:\/\/beregsurany.hu\/wp-content\/uploads\/2024\/09\/mfp-uhj-2023_0.jpg\" alt=\"\" width=\"413\" height=\"624\" data-warning=\"Missing alt text\" srcset=\"https:\/\/beregsurany.hu\/wp-content\/uploads\/2024\/09\/mfp-uhj-2023_0.jpg 413w, https:\/\/beregsurany.hu\/wp-content\/uploads\/2024\/09\/mfp-uhj-2023_0-199x300.jpg 199w\" sizes=\"auto, (max-width: 413px) 100vw, 413px\" \/><\/a><\/div>\n<hr \/><a href=\"https:\/\/beregsurany.hu\/?page_id=565\"><img loading=\"lazy\" decoding=\"async\" class=\"wpa-warning wpa-image-missing-alt aligncenter size-full wp-image-562\" src=\"https:\/\/beregsurany.hu\/wp-content\/uploads\/2024\/01\/Brgsrny_MFP-OTIK_2021.jpg\" alt=\"\" width=\"599\" height=\"536\" data-warning=\"Missing alt text\" srcset=\"https:\/\/beregsurany.hu\/wp-content\/uploads\/2024\/01\/Brgsrny_MFP-OTIK_2021.jpg 599w, https:\/\/beregsurany.hu\/wp-content\/uploads\/2024\/01\/Brgsrny_MFP-OTIK_2021-300x268.jpg 300w\" sizes=\"auto, (max-width: 599px) 100vw, 599px\" \/><\/a><hr \/><\/div>\n<\/div>\n<div class=\"wp-block-image\">\n<div class=\"wp-block-image\"><a href=\"https:\/\/beregsurany.hu\/?page_id=458\"><img loading=\"lazy\" decoding=\"async\" class=\"aligncenter wp-image-451\" src=\"https:\/\/beregsurany.hu\/wp-content\/uploads\/2022\/11\/MFP-OTIF-2022k-252x300.jpg\" alt=\"\" width=\"400\" height=\"476\" srcset=\"https:\/\/beregsurany.hu\/wp-content\/uploads\/2022\/11\/MFP-OTIF-2022k-252x300.jpg 252w, https:\/\/beregsurany.hu\/wp-content\/uploads\/2022\/11\/MFP-OTIF-2022k-861x1024.jpg 861w, https:\/\/beregsurany.hu\/wp-content\/uploads\/2022\/11\/MFP-OTIF-2022k-768x914.jpg 768w, https:\/\/beregsurany.hu\/wp-content\/uploads\/2022\/11\/MFP-OTIF-2022k-847x1008.jpg 847w, https:\/\/beregsurany.hu\/wp-content\/uploads\/2022\/11\/MFP-OTIF-2022k.jpg 1106w\" sizes=\"auto, (max-width: 400px) 100vw, 400px\" \/><\/a><\/div>\n<hr \/><a href=\"https:\/\/beregsurany.hu\/?page_id=454\"><img loading=\"lazy\" decoding=\"async\" class=\"aligncenter wp-image-447\" src=\"https:\/\/beregsurany.hu\/wp-content\/uploads\/2022\/11\/MFP-OTIF-2021k-286x300.jpg\" alt=\"\" width=\"400\" height=\"419\" srcset=\"https:\/\/beregsurany.hu\/wp-content\/uploads\/2022\/11\/MFP-OTIF-2021k-286x300.jpg 286w, https:\/\/beregsurany.hu\/wp-content\/uploads\/2022\/11\/MFP-OTIF-2021k-978x1024.jpg 978w, https:\/\/beregsurany.hu\/wp-content\/uploads\/2022\/11\/MFP-OTIF-2021k-768x804.jpg 768w, https:\/\/beregsurany.hu\/wp-content\/uploads\/2022\/11\/MFP-OTIF-2021k-847x887.jpg 847w, https:\/\/beregsurany.hu\/wp-content\/uploads\/2022\/11\/MFP-OTIF-2021k.jpg 1054w\" sizes=\"auto, (max-width: 400px) 100vw, 400px\" \/><\/a><\/div>\n<hr \/>\n<p><a href=\"https:\/\/beregsurany.hu\/?page_id=421\"><img loading=\"lazy\" decoding=\"async\" class=\"aligncenter wp-image-425\" src=\"https:\/\/beregsurany.hu\/wp-content\/uploads\/2021\/11\/magyar_falu_program_logo.jpg\" alt=\"\" width=\"400\" height=\"403\" srcset=\"https:\/\/beregsurany.hu\/wp-content\/uploads\/2021\/11\/magyar_falu_program_logo.jpg 619w, https:\/\/beregsurany.hu\/wp-content\/uploads\/2021\/11\/magyar_falu_program_logo-298x300.jpg 298w, https:\/\/beregsurany.hu\/wp-content\/uploads\/2021\/11\/magyar_falu_program_logo-150x150.jpg 150w\" sizes=\"auto, (max-width: 400px) 100vw, 400px\" \/><\/a><\/p>\n<h3 style=\"text-align: center;\"><a href=\"https:\/\/beregsurany.hu\/?page_id=421\"><strong>Temet\u0151i infrastrukt\u00fara fejleszt\u00e9se<br \/><\/strong><strong style=\"color: inherit; font-family: inherit;\">MFP-FVT\/2020.<br \/><\/strong><strong>16 126 099 Ft.<br \/><\/strong><strong>Beregsur\u00e1ny K\u00f6zs\u00e9g \u00d6nkorm\u00e1nyzata<\/strong><\/a><\/h3>\n<hr \/>\n<p><a href=\"https:\/\/beregsurany.hu\/?page_id=435\"><img loading=\"lazy\" decoding=\"async\" class=\"aligncenter size-full wp-image-407\" src=\"https:\/\/beregsurany.hu\/wp-content\/uploads\/2021\/07\/mfp-uhk2021.png\" alt=\"\" width=\"589\" height=\"688\" srcset=\"https:\/\/beregsurany.hu\/wp-content\/uploads\/2021\/07\/mfp-uhk2021.png 589w, https:\/\/beregsurany.hu\/wp-content\/uploads\/2021\/07\/mfp-uhk2021-257x300.png 257w\" sizes=\"auto, (max-width: 589px) 100vw, 589px\" \/><\/a><\/p>\n<hr \/>\n<p><a href=\"https:\/\/beregsurany.hu\/wp-content\/uploads\/2021\/07\/mfp-ojkjf2021.png\"><img loading=\"lazy\" decoding=\"async\" class=\"aligncenter size-full wp-image-406\" src=\"https:\/\/beregsurany.hu\/wp-content\/uploads\/2021\/07\/mfp-ojkjf2021.png\" alt=\"\" width=\"635\" height=\"665\" srcset=\"https:\/\/beregsurany.hu\/wp-content\/uploads\/2021\/07\/mfp-ojkjf2021.png 635w, https:\/\/beregsurany.hu\/wp-content\/uploads\/2021\/07\/mfp-ojkjf2021-286x300.png 286w\" sizes=\"auto, (max-width: 635px) 100vw, 635px\" \/><\/a><\/p>\n<hr \/>\n<p><a href=\"https:\/\/beregsurany.hu\/wp-content\/uploads\/2021\/01\/FP-BS-Jarda.jpg\" target=\"_blank\" rel=\"noopener\"><img loading=\"lazy\" decoding=\"async\" class=\"size-full wp-image-398 aligncenter\" src=\"https:\/\/beregsurany.hu\/wp-content\/uploads\/2021\/01\/FP-BS-Jarda.jpg\" alt=\"\" width=\"520\" height=\"659\" srcset=\"https:\/\/beregsurany.hu\/wp-content\/uploads\/2021\/01\/FP-BS-Jarda.jpg 520w, https:\/\/beregsurany.hu\/wp-content\/uploads\/2021\/01\/FP-BS-Jarda-237x300.jpg 237w\" sizes=\"auto, (max-width: 520px) 100vw, 520px\" \/><\/a><\/p>\n<hr \/>\n<p><a href=\"https:\/\/beregsurany.hu\/wp-content\/uploads\/2021\/01\/FP-BS-temeto.jpg\" target=\"_blank\" rel=\"noopener\"><img loading=\"lazy\" decoding=\"async\" class=\"size-full wp-image-397 aligncenter\" src=\"https:\/\/beregsurany.hu\/wp-content\/uploads\/2021\/01\/FP-BS-temeto.jpg\" alt=\"\" width=\"396\" height=\"678\" srcset=\"https:\/\/beregsurany.hu\/wp-content\/uploads\/2021\/01\/FP-BS-temeto.jpg 396w, https:\/\/beregsurany.hu\/wp-content\/uploads\/2021\/01\/FP-BS-temeto-175x300.jpg 175w\" sizes=\"auto, (max-width: 396px) 100vw, 396px\" \/><\/a><\/p>\n<hr \/>\n<p style=\"text-align: center;\"><a href=\"https:\/\/beregsurany.hu\/?page_id=335\">K\u00f6zter\u00fclet karbantart\u00e1s\u00e1t szolg\u00e1l\u00f3 eszk\u00f6zbeszerz\u00e9s<\/a><br \/><a href=\"https:\/\/beregsurany.hu\/wp-content\/uploads\/2020\/10\/mfpkksze.jpg\"><img loading=\"lazy\" decoding=\"async\" class=\"size-full wp-image-331 aligncenter\" src=\"https:\/\/beregsurany.hu\/wp-content\/uploads\/2020\/10\/mfpkksze.jpg\" alt=\"\" width=\"500\" height=\"700\" srcset=\"https:\/\/beregsurany.hu\/wp-content\/uploads\/2020\/10\/mfpkksze.jpg 500w, https:\/\/beregsurany.hu\/wp-content\/uploads\/2020\/10\/mfpkksze-214x300.jpg 214w\" sizes=\"auto, (max-width: 500px) 100vw, 500px\" \/><\/a><\/p>\n<hr \/>\n<p style=\"text-align: center;\"><a href=\"https:\/\/beregsurany.hu\/?page_id=337\">Orvosi eszk\u00f6z<\/a><br \/><a href=\"https:\/\/beregsurany.hu\/wp-content\/uploads\/2020\/10\/mfpoe.jpg\"><img loading=\"lazy\" decoding=\"async\" class=\"size-full wp-image-329 aligncenter\" src=\"https:\/\/beregsurany.hu\/wp-content\/uploads\/2020\/10\/mfpoe.jpg\" alt=\"\" width=\"500\" height=\"700\" srcset=\"https:\/\/beregsurany.hu\/wp-content\/uploads\/2020\/10\/mfpoe.jpg 500w, https:\/\/beregsurany.hu\/wp-content\/uploads\/2020\/10\/mfpoe-214x300.jpg 214w\" sizes=\"auto, (max-width: 500px) 100vw, 500px\" \/><\/a><\/p>\n<hr \/>\n<p style=\"text-align: center;\"><a href=\"https:\/\/beregsurany.hu\/?page_id=339\">\u00d3voda udvar<\/a><\/p>\n<p style=\"text-align: center;\"><a href=\"https:\/\/beregsurany.hu\/wp-content\/uploads\/2020\/10\/mfpou.jpg\"><img loading=\"lazy\" decoding=\"async\" class=\"size-full wp-image-330 aligncenter\" src=\"https:\/\/beregsurany.hu\/wp-content\/uploads\/2020\/10\/mfpou.jpg\" alt=\"\" width=\"500\" height=\"700\" srcset=\"https:\/\/beregsurany.hu\/wp-content\/uploads\/2020\/10\/mfpou.jpg 500w, https:\/\/beregsurany.hu\/wp-content\/uploads\/2020\/10\/mfpou-214x300.jpg 214w\" sizes=\"auto, (max-width: 500px) 100vw, 500px\" \/><\/a><\/p>\n<hr \/>\n<p style=\"text-align: center;\"><a href=\"https:\/\/beregsurany.hu\/?page_id=341\">Polg\u00e1rmesteri hivatal fel\u00faj\u00edt\u00e1sa<\/a><br \/><a href=\"https:\/\/beregsurany.hu\/wp-content\/uploads\/2020\/10\/mfpphf.jpg\"><img loading=\"lazy\" decoding=\"async\" class=\"size-full wp-image-332 aligncenter\" src=\"https:\/\/beregsurany.hu\/wp-content\/uploads\/2020\/10\/mfpphf.jpg\" alt=\"\" width=\"500\" height=\"700\" srcset=\"https:\/\/beregsurany.hu\/wp-content\/uploads\/2020\/10\/mfpphf.jpg 500w, https:\/\/beregsurany.hu\/wp-content\/uploads\/2020\/10\/mfpphf-214x300.jpg 214w\" sizes=\"auto, (max-width: 500px) 100vw, 500px\" \/><\/a><\/p>\n\n","protected":false},"excerpt":{"rendered":"<p>\u00a0 \u00a0 Temet\u0151i infrastrukt\u00fara fejleszt\u00e9seMFP-FVT\/2020.16 126 099 Ft.Beregsur\u00e1ny K\u00f6zs\u00e9g \u00d6nkorm\u00e1nyzata K\u00f6zter\u00fclet karbantart\u00e1s\u00e1t szolg\u00e1l\u00f3 eszk\u00f6zbeszerz\u00e9s Orvosi eszk\u00f6z \u00d3voda udvar Polg\u00e1rmesteri hivatal fel\u00faj\u00edt\u00e1sa<\/p>\n","protected":false},"author":1,"featured_media":0,"parent":317,"menu_order":0,"comment_status":"closed","ping_status":"closed","template":"","meta":{"footnotes":""},"class_list":["post-324","page","type-page","status-publish","hentry","nodate","item-wrap"],"_links":{"self":[{"href":"https:\/\/beregsurany.hu\/index.php?rest_route=\/wp\/v2\/pages\/324","targetHints":{"allow":["GET"]}}],"collection":[{"href":"https:\/\/beregsurany.hu\/index.php?rest_route=\/wp\/v2\/pages"}],"about":[{"href":"https:\/\/beregsurany.hu\/index.php?rest_route=\/wp\/v2\/types\/page"}],"author":[{"embeddable":true,"href":"https:\/\/beregsurany.hu\/index.php?rest_route=\/wp\/v2\/users\/1"}],"replies":[{"embeddable":true,"href":"https:\/\/beregsurany.hu\/index.php?rest_route=%2Fwp%2Fv2%2Fcomments&post=324"}],"version-history":[{"count":21,"href":"https:\/\/beregsurany.hu\/index.php?rest_route=\/wp\/v2\/pages\/324\/revisions"}],"predecessor-version":[{"id":622,"href":"https:\/\/beregsurany.hu\/index.php?rest_route=\/wp\/v2\/pages\/324\/revisions\/622"}],"up":[{"embeddable":true,"href":"https:\/\/beregsurany.hu\/index.php?rest_route=\/wp\/v2\/pages\/317"}],"wp:attachment":[{"href":"https:\/\/beregsurany.hu\/index.php?rest_route=%2Fwp%2Fv2%2Fmedia&parent=324"}],"curies":[{"name":"wp","href":"https:\/\/api.w.org\/{rel}","templated":true}]}}