{"id":335,"date":"2020-10-01T11:06:38","date_gmt":"2020-10-01T09:06:38","guid":{"rendered":"http:\/\/beregsurany.hu\/?page_id=335"},"modified":"2020-10-01T11:07:12","modified_gmt":"2020-10-01T09:07:12","slug":"kozterulet-karbantartasat-szolgalo-eszkozbeszerzes","status":"publish","type":"page","link":"https:\/\/beregsurany.hu\/?page_id=335","title":{"rendered":"K\u00f6zter\u00fclet karbantart\u00e1s\u00e1t szolg\u00e1l\u00f3 eszk\u00f6zbeszerz\u00e9s"},"content":{"rendered":"\n<p><a href=\"https:\/\/beregsurany.hu\/wp-content\/uploads\/2020\/10\/mfpkksze.jpg\"><img loading=\"lazy\" decoding=\"async\" class=\"aligncenter size-full wp-image-331\" src=\"https:\/\/beregsurany.hu\/wp-content\/uploads\/2020\/10\/mfpkksze.jpg\" alt=\"\" width=\"500\" height=\"700\" srcset=\"https:\/\/beregsurany.hu\/wp-content\/uploads\/2020\/10\/mfpkksze.jpg 500w, https:\/\/beregsurany.hu\/wp-content\/uploads\/2020\/10\/mfpkksze-214x300.jpg 214w\" sizes=\"auto, (max-width: 500px) 100vw, 500px\" \/><\/a><\/p>\n","protected":false},"excerpt":{"rendered":"","protected":false},"author":1,"featured_media":0,"parent":324,"menu_order":0,"comment_status":"closed","ping_status":"closed","template":"","meta":{"footnotes":""},"class_list":["post-335","page","type-page","status-publish","hentry","nodate","item-wrap"],"_links":{"self":[{"href":"https:\/\/beregsurany.hu\/index.php?rest_route=\/wp\/v2\/pages\/335","targetHints":{"allow":["GET"]}}],"collection":[{"href":"https:\/\/beregsurany.hu\/index.php?rest_route=\/wp\/v2\/pages"}],"about":[{"href":"https:\/\/beregsurany.hu\/index.php?rest_route=\/wp\/v2\/types\/page"}],"author":[{"embeddable":true,"href":"https:\/\/beregsurany.hu\/index.php?rest_route=\/wp\/v2\/users\/1"}],"replies":[{"embeddable":true,"href":"https:\/\/beregsurany.hu\/index.php?rest_route=%2Fwp%2Fv2%2Fcomments&post=335"}],"version-history":[{"count":1,"href":"https:\/\/beregsurany.hu\/index.php?rest_route=\/wp\/v2\/pages\/335\/revisions"}],"predecessor-version":[{"id":336,"href":"https:\/\/beregsurany.hu\/index.php?rest_route=\/wp\/v2\/pages\/335\/revisions\/336"}],"up":[{"embeddable":true,"href":"https:\/\/beregsurany.hu\/index.php?rest_route=\/wp\/v2\/pages\/324"}],"wp:attachment":[{"href":"https:\/\/beregsurany.hu\/index.php?rest_route=%2Fwp%2Fv2%2Fmedia&parent=335"}],"curies":[{"name":"wp","href":"https:\/\/api.w.org\/{rel}","templated":true}]}}