{"id":341,"date":"2020-10-01T11:09:51","date_gmt":"2020-10-01T09:09:51","guid":{"rendered":"http:\/\/beregsurany.hu\/?page_id=341"},"modified":"2020-10-01T11:09:51","modified_gmt":"2020-10-01T09:09:51","slug":"polgarmesteri-hivatal-felujitasa","status":"publish","type":"page","link":"https:\/\/beregsurany.hu\/?page_id=341","title":{"rendered":"Polg\u00e1rmesteri hivatal fel\u00faj\u00edt\u00e1sa"},"content":{"rendered":"\n<p><a href=\"https:\/\/beregsurany.hu\/wp-content\/uploads\/2020\/10\/mfpphf.jpg\"><img loading=\"lazy\" decoding=\"async\" class=\"aligncenter size-full wp-image-332\" src=\"https:\/\/beregsurany.hu\/wp-content\/uploads\/2020\/10\/mfpphf.jpg\" alt=\"\" width=\"500\" height=\"700\" srcset=\"https:\/\/beregsurany.hu\/wp-content\/uploads\/2020\/10\/mfpphf.jpg 500w, https:\/\/beregsurany.hu\/wp-content\/uploads\/2020\/10\/mfpphf-214x300.jpg 214w\" sizes=\"auto, (max-width: 500px) 100vw, 500px\" \/><\/a><img decoding=\"async\" class=\"wpa-image-missing-alt size-full center\" src=\"https:\/\/beregsurany.hu\/wp-content\/plugins\/wp-accessibility\/imgs\/alt-missing.png\" alt=\"A k\u00e9peknek helyettes\u00edt\u0151 sz\u00f6veget kellene megadni, ami a k\u00e9p tartalm\u00e1t mutatja be r\u00f6viden.  Ha nem \u00edrsz hozz\u00e1 ilyet, jel\u00f6ld be, hogy d\u00edszit\u00e9sre haszn\u00e1lt k\u00e9p. \" \/><\/p>\n","protected":false},"excerpt":{"rendered":"","protected":false},"author":1,"featured_media":0,"parent":324,"menu_order":0,"comment_status":"closed","ping_status":"closed","template":"","meta":{"footnotes":""},"class_list":["post-341","page","type-page","status-publish","hentry","nodate","item-wrap"],"_links":{"self":[{"href":"https:\/\/beregsurany.hu\/index.php?rest_route=\/wp\/v2\/pages\/341","targetHints":{"allow":["GET"]}}],"collection":[{"href":"https:\/\/beregsurany.hu\/index.php?rest_route=\/wp\/v2\/pages"}],"about":[{"href":"https:\/\/beregsurany.hu\/index.php?rest_route=\/wp\/v2\/types\/page"}],"author":[{"embeddable":true,"href":"https:\/\/beregsurany.hu\/index.php?rest_route=\/wp\/v2\/users\/1"}],"replies":[{"embeddable":true,"href":"https:\/\/beregsurany.hu\/index.php?rest_route=%2Fwp%2Fv2%2Fcomments&post=341"}],"version-history":[{"count":1,"href":"https:\/\/beregsurany.hu\/index.php?rest_route=\/wp\/v2\/pages\/341\/revisions"}],"predecessor-version":[{"id":342,"href":"https:\/\/beregsurany.hu\/index.php?rest_route=\/wp\/v2\/pages\/341\/revisions\/342"}],"up":[{"embeddable":true,"href":"https:\/\/beregsurany.hu\/index.php?rest_route=\/wp\/v2\/pages\/324"}],"wp:attachment":[{"href":"https:\/\/beregsurany.hu\/index.php?rest_route=%2Fwp%2Fv2%2Fmedia&parent=341"}],"curies":[{"name":"wp","href":"https:\/\/api.w.org\/{rel}","templated":true}]}}