{"id":356,"date":"2020-11-09T14:50:55","date_gmt":"2020-11-09T13:50:55","guid":{"rendered":"http:\/\/beregsurany.hu\/?page_id=356"},"modified":"2020-11-09T15:23:01","modified_gmt":"2020-11-09T14:23:01","slug":"szakmai-beszamolo","status":"publish","type":"page","link":"https:\/\/beregsurany.hu\/?page_id=356","title":{"rendered":"Szakmai besz\u00e1mol\u00f3"},"content":{"rendered":"\n<p>A projekt a L\u00e1t\u00f3hat\u00e1ron t\u00fal- Rom\u00e1nia projekttev\u00e9kenys\u00e9g megval\u00f3s\u00edt\u00e1s\u00e1ra ker\u00fclt sor. Torja telep\u00fcl\u00e9ssel l\u00e9trej\u00f6tt a testv\u00e9r telep\u00fcl\u00e9si meg\u00e1llapod\u00e1s a projekt keret\u00e9ben t\u00f6bb alkalommal tal\u00e1lkozott egym\u00e1ssal a k\u00e9t telep\u00fcl\u00e9s vezet\u0151s\u00e9ge illetve lakoss\u00e1ga valamint aj\u00e1nd\u00e9kba kapott Beregsur\u00e1ny telep\u00fcl\u00e9s egy sz\u00e9kely &#8211; \u00e9s egy Trianon kaput.<br \/>2019. j\u00falius 19-21 ker\u00fclt sor a rendezv\u00e9ny megtart\u00e1s\u00e1ra, meg\u00e1llapod\u00e1s al\u00e1\u00edr\u00e1s\u00e1ra a sz\u00e9kely \u00e9s a Trianon kapuk felavat\u00e1s\u00e1ra. <br \/>Fantasztikus \u00e9lm\u00e9nyt jelentett minden r\u00e9szvev\u0151 sz\u00e1m\u00e1ra. 2019. december\u00e9ben megt\u00f6rt\u00e9nt a projekt ut\u00f3lagos \u00e9rt\u00e9kel\u00e9se mely rendk\u00edv\u00fcl j\u00f3l siker\u00fcl, j\u00f3l alakult \u00e9s rengeteg \u00e9lm\u00e9nnyel \u00e9s \u00e9rt\u00e9kkel gazdag\u00edtotta a k\u00e9t telep\u00fcl\u00e9st. Egy\u00e9rtelm\u0171en j\u00f6v\u0151ben folytat\u00e1s fel\u00e9 tett\u00e9k le voksukat a telep\u00fcl\u00e9sek vezet\u0151i \u00e9s test\u00fcletei. <br \/>\u00c9lm\u00e9nyekkel &#8211; \u00e9rz\u00e9sekkel \u00e9rt\u00e9kekkel gazdagodott mindk\u00e9t telep\u00fcl\u00e9s. A rendezv\u00e9ny ideje alatt \u00f3ri\u00e1si volt az \u00e9rdekl\u0151d\u00e9s \u00e9s a r\u00e9szv\u00e9tel nemcsak a telep\u00fcl\u00e9s hanem az \u00e9rintett egyh\u00e1zak r\u00e9sz\u00e9r\u0151l akik szint\u00e9n jelen voltak az orsz\u00e1ggy\u0171l\u00e9s aleln\u00f6ke is elfogadta a telep\u00fcl\u00e9s megh\u00edv\u00e1s\u00e1t illetve Koncz G\u00e1bor \u00e9rdemes m\u0171v\u00e9sz aki szavalatot is mondott \u00e9s d\u00edszpolg\u00e1ri c\u00edmet kapott a telep\u00fcl\u00e9st\u0151l.<\/p>\n<table style=\"border-collapse: collapse; width: 100%;\">\n<tbody>\n<tr>\n<td style=\"width: 50%; text-align: center;\"><a href=\"https:\/\/beregsurany.hu\/wp-content\/uploads\/2020\/11\/latohattul1.jpg\"><img loading=\"lazy\" decoding=\"async\" class=\" wp-image-367 aligncenter\" src=\"https:\/\/beregsurany.hu\/wp-content\/uploads\/2020\/11\/latohattul1-1024x712.jpg\" alt=\"\" width=\"393\" height=\"273\" srcset=\"https:\/\/beregsurany.hu\/wp-content\/uploads\/2020\/11\/latohattul1-1024x712.jpg 1024w, https:\/\/beregsurany.hu\/wp-content\/uploads\/2020\/11\/latohattul1-300x209.jpg 300w, https:\/\/beregsurany.hu\/wp-content\/uploads\/2020\/11\/latohattul1-768x534.jpg 768w, https:\/\/beregsurany.hu\/wp-content\/uploads\/2020\/11\/latohattul1-847x589.jpg 847w, https:\/\/beregsurany.hu\/wp-content\/uploads\/2020\/11\/latohattul1.jpg 1086w\" sizes=\"auto, (max-width: 393px) 100vw, 393px\" \/><\/a><\/td>\n<td style=\"width: 50%; text-align: center;\"><a href=\"https:\/\/beregsurany.hu\/wp-content\/uploads\/2020\/11\/latohattul2.jpg\"><img loading=\"lazy\" decoding=\"async\" class=\" wp-image-366 aligncenter\" src=\"https:\/\/beregsurany.hu\/wp-content\/uploads\/2020\/11\/latohattul2-1024x722.jpg\" alt=\"\" width=\"392\" height=\"276\" srcset=\"https:\/\/beregsurany.hu\/wp-content\/uploads\/2020\/11\/latohattul2-1024x722.jpg 1024w, https:\/\/beregsurany.hu\/wp-content\/uploads\/2020\/11\/latohattul2-300x211.jpg 300w, https:\/\/beregsurany.hu\/wp-content\/uploads\/2020\/11\/latohattul2-768x541.jpg 768w, https:\/\/beregsurany.hu\/wp-content\/uploads\/2020\/11\/latohattul2-847x597.jpg 847w, https:\/\/beregsurany.hu\/wp-content\/uploads\/2020\/11\/latohattul2.jpg 1033w\" sizes=\"auto, (max-width: 392px) 100vw, 392px\" \/><\/a><\/td>\n<\/tr>\n<tr>\n<td style=\"width: 50%; text-align: center;\"><a href=\"https:\/\/beregsurany.hu\/wp-content\/uploads\/2020\/11\/latohattul3.jpg\"><img loading=\"lazy\" decoding=\"async\" class=\"alignleft  wp-image-365\" src=\"https:\/\/beregsurany.hu\/wp-content\/uploads\/2020\/11\/latohattul3-1024x740.jpg\" alt=\"\" width=\"392\" height=\"283\" srcset=\"https:\/\/beregsurany.hu\/wp-content\/uploads\/2020\/11\/latohattul3-1024x740.jpg 1024w, https:\/\/beregsurany.hu\/wp-content\/uploads\/2020\/11\/latohattul3-300x217.jpg 300w, https:\/\/beregsurany.hu\/wp-content\/uploads\/2020\/11\/latohattul3-768x555.jpg 768w, https:\/\/beregsurany.hu\/wp-content\/uploads\/2020\/11\/latohattul3-847x612.jpg 847w, https:\/\/beregsurany.hu\/wp-content\/uploads\/2020\/11\/latohattul3.jpg 1033w\" sizes=\"auto, (max-width: 392px) 100vw, 392px\" \/><\/a><\/td>\n<td style=\"width: 50%; text-align: center;\"><a href=\"https:\/\/beregsurany.hu\/wp-content\/uploads\/2020\/11\/latohattul4.jpg\"><img loading=\"lazy\" decoding=\"async\" class=\"alignleft size-full wp-image-364\" src=\"https:\/\/beregsurany.hu\/wp-content\/uploads\/2020\/11\/latohattul4.jpg\" alt=\"\" width=\"1010\" height=\"711\" srcset=\"https:\/\/beregsurany.hu\/wp-content\/uploads\/2020\/11\/latohattul4.jpg 1010w, https:\/\/beregsurany.hu\/wp-content\/uploads\/2020\/11\/latohattul4-300x211.jpg 300w, https:\/\/beregsurany.hu\/wp-content\/uploads\/2020\/11\/latohattul4-768x541.jpg 768w, https:\/\/beregsurany.hu\/wp-content\/uploads\/2020\/11\/latohattul4-847x596.jpg 847w\" sizes=\"auto, (max-width: 1010px) 100vw, 1010px\" \/><\/a><\/td>\n<\/tr>\n<tr>\n<td style=\"width: 50%; text-align: center;\" colspan=\"2\"><a href=\"https:\/\/beregsurany.hu\/wp-content\/uploads\/2020\/11\/latohattul5.jpg\"><img loading=\"lazy\" decoding=\"async\" class=\"wp-image-363 aligncenter\" src=\"https:\/\/beregsurany.hu\/wp-content\/uploads\/2020\/11\/latohattul5.jpg\" alt=\"\" width=\"395\" height=\"312\" srcset=\"https:\/\/beregsurany.hu\/wp-content\/uploads\/2020\/11\/latohattul5.jpg 947w, https:\/\/beregsurany.hu\/wp-content\/uploads\/2020\/11\/latohattul5-300x237.jpg 300w, https:\/\/beregsurany.hu\/wp-content\/uploads\/2020\/11\/latohattul5-768x607.jpg 768w, https:\/\/beregsurany.hu\/wp-content\/uploads\/2020\/11\/latohattul5-847x669.jpg 847w\" sizes=\"auto, (max-width: 395px) 100vw, 395px\" \/><\/a><\/td>\n<\/tr>\n<\/tbody>\n<\/table>\n<p>\u00a0<\/p>\n","protected":false},"excerpt":{"rendered":"<p>A projekt a L\u00e1t\u00f3hat\u00e1ron t\u00fal- Rom\u00e1nia projekttev\u00e9kenys\u00e9g megval\u00f3s\u00edt\u00e1s\u00e1ra ker\u00fclt sor. Torja telep\u00fcl\u00e9ssel l\u00e9trej\u00f6tt a testv\u00e9r telep\u00fcl\u00e9si meg\u00e1llapod\u00e1s a projekt keret\u00e9ben t\u00f6bb alkalommal tal\u00e1lkozott egym\u00e1ssal a k\u00e9t telep\u00fcl\u00e9s vezet\u0151s\u00e9ge illetve lakoss\u00e1ga valamint aj\u00e1nd\u00e9kba kapott Beregsur\u00e1ny telep\u00fcl\u00e9s egy sz\u00e9kely &#8211; \u00e9s egy Trianon kaput.2019. j\u00falius 19-21 ker\u00fclt sor a rendezv\u00e9ny megtart\u00e1s\u00e1ra, meg\u00e1llapod\u00e1s al\u00e1\u00edr\u00e1s\u00e1ra a sz\u00e9kely \u00e9s a &hellip; <\/p>\n<p><a class=\"more-link btn\" href=\"https:\/\/beregsurany.hu\/?page_id=356\">Olvass tov\u00e1bb<\/a><\/p>\n","protected":false},"author":1,"featured_media":0,"parent":0,"menu_order":0,"comment_status":"closed","ping_status":"closed","template":"","meta":{"footnotes":""},"class_list":["post-356","page","type-page","status-publish","hentry","nodate","item-wrap"],"_links":{"self":[{"href":"https:\/\/beregsurany.hu\/index.php?rest_route=\/wp\/v2\/pages\/356","targetHints":{"allow":["GET"]}}],"collection":[{"href":"https:\/\/beregsurany.hu\/index.php?rest_route=\/wp\/v2\/pages"}],"about":[{"href":"https:\/\/beregsurany.hu\/index.php?rest_route=\/wp\/v2\/types\/page"}],"author":[{"embeddable":true,"href":"https:\/\/beregsurany.hu\/index.php?rest_route=\/wp\/v2\/users\/1"}],"replies":[{"embeddable":true,"href":"https:\/\/beregsurany.hu\/index.php?rest_route=%2Fwp%2Fv2%2Fcomments&post=356"}],"version-history":[{"count":2,"href":"https:\/\/beregsurany.hu\/index.php?rest_route=\/wp\/v2\/pages\/356\/revisions"}],"predecessor-version":[{"id":369,"href":"https:\/\/beregsurany.hu\/index.php?rest_route=\/wp\/v2\/pages\/356\/revisions\/369"}],"wp:attachment":[{"href":"https:\/\/beregsurany.hu\/index.php?rest_route=%2Fwp%2Fv2%2Fmedia&parent=356"}],"curies":[{"name":"wp","href":"https:\/\/api.w.org\/{rel}","templated":true}]}}