{"id":415,"date":"2021-07-14T00:19:57","date_gmt":"2021-07-13T22:19:57","guid":{"rendered":"http:\/\/beregsurany.hu\/?page_id=415"},"modified":"2021-11-25T17:25:33","modified_gmt":"2021-11-25T16:25:33","slug":"ut-hid-kerekparforgalmi-letesitmeny-epitese-felujitasa","status":"publish","type":"page","link":"https:\/\/beregsurany.hu\/?page_id=415","title":{"rendered":"\u00dat, h\u00edd, ker\u00e9kp\u00e1rforgalmi l\u00e9tes\u00edtm\u00e9ny \u00e9p\u00edt\u00e9se\/fel\u00faj\u00edt\u00e1sa"},"content":{"rendered":"\n<p><a href=\"https:\/\/beregsurany.hu\/?page_id=435\"><img loading=\"lazy\" decoding=\"async\" class=\"aligncenter size-full wp-image-407\" src=\"https:\/\/beregsurany.hu\/wp-content\/uploads\/2021\/07\/mfp-uhk2021.png\" alt=\"\" width=\"589\" height=\"688\" srcset=\"https:\/\/beregsurany.hu\/wp-content\/uploads\/2021\/07\/mfp-uhk2021.png 589w, https:\/\/beregsurany.hu\/wp-content\/uploads\/2021\/07\/mfp-uhk2021-257x300.png 257w\" sizes=\"auto, (max-width: 589px) 100vw, 589px\" \/><\/a><\/p>\n","protected":false},"excerpt":{"rendered":"","protected":false},"author":1,"featured_media":0,"parent":324,"menu_order":0,"comment_status":"closed","ping_status":"closed","template":"","meta":{"footnotes":""},"class_list":["post-415","page","type-page","status-publish","hentry","nodate","item-wrap"],"_links":{"self":[{"href":"https:\/\/beregsurany.hu\/index.php?rest_route=\/wp\/v2\/pages\/415","targetHints":{"allow":["GET"]}}],"collection":[{"href":"https:\/\/beregsurany.hu\/index.php?rest_route=\/wp\/v2\/pages"}],"about":[{"href":"https:\/\/beregsurany.hu\/index.php?rest_route=\/wp\/v2\/types\/page"}],"author":[{"embeddable":true,"href":"https:\/\/beregsurany.hu\/index.php?rest_route=\/wp\/v2\/users\/1"}],"replies":[{"embeddable":true,"href":"https:\/\/beregsurany.hu\/index.php?rest_route=%2Fwp%2Fv2%2Fcomments&post=415"}],"version-history":[{"count":2,"href":"https:\/\/beregsurany.hu\/index.php?rest_route=\/wp\/v2\/pages\/415\/revisions"}],"predecessor-version":[{"id":440,"href":"https:\/\/beregsurany.hu\/index.php?rest_route=\/wp\/v2\/pages\/415\/revisions\/440"}],"up":[{"embeddable":true,"href":"https:\/\/beregsurany.hu\/index.php?rest_route=\/wp\/v2\/pages\/324"}],"wp:attachment":[{"href":"https:\/\/beregsurany.hu\/index.php?rest_route=%2Fwp%2Fv2%2Fmedia&parent=415"}],"curies":[{"name":"wp","href":"https:\/\/api.w.org\/{rel}","templated":true}]}}