{"id":421,"date":"2021-11-16T16:23:39","date_gmt":"2021-11-16T15:23:39","guid":{"rendered":"http:\/\/beregsurany.hu\/?page_id=421"},"modified":"2021-11-16T20:56:59","modified_gmt":"2021-11-16T19:56:59","slug":"magyar-falu-program-kereteben-temetoi-infrastruktura-fejlesztese","status":"publish","type":"page","link":"https:\/\/beregsurany.hu\/?page_id=421","title":{"rendered":"Magyar Falu Program keret\u00e9ben Temet\u0151i infrastrukt\u00fara fejleszt\u00e9se"},"content":{"rendered":"\n<h3><br \/><br \/><a href=\"https:\/\/beregsurany.hu\/?page_id=421\"><img loading=\"lazy\" decoding=\"async\" class=\"aligncenter wp-image-425 size-medium\" src=\"https:\/\/beregsurany.hu\/wp-content\/uploads\/2021\/11\/magyar_falu_program_logo-298x300.jpg\" alt=\"\" width=\"298\" height=\"300\" srcset=\"https:\/\/beregsurany.hu\/wp-content\/uploads\/2021\/11\/magyar_falu_program_logo-298x300.jpg 298w, https:\/\/beregsurany.hu\/wp-content\/uploads\/2021\/11\/magyar_falu_program_logo-150x150.jpg 150w, https:\/\/beregsurany.hu\/wp-content\/uploads\/2021\/11\/magyar_falu_program_logo.jpg 619w\" sizes=\"auto, (max-width: 298px) 100vw, 298px\" \/><\/a><\/h3>\n<h3 style=\"text-align: center;\"><a href=\"https:\/\/beregsurany.hu\/?page_id=421\"><strong>Temet\u0151i infrastrukt\u00fara fejleszt\u00e9se<br \/><\/strong><strong style=\"font-size: revert;\">MFP-FVT\/2020.<br \/><\/strong><strong>16 126 099 Ft.<br \/><\/strong><strong>Beregsur\u00e1ny K\u00f6zs\u00e9g \u00d6nkorm\u00e1nyzata<\/strong><\/a><\/h3>\n<p><strong>\u00a0<\/strong><\/p>\n<p>Beregsur\u00e1ny K\u00f6zs\u00e9g \u00d6nkorm\u00e1nyzata a Magyar Falu Program keret\u00e9ben Temet\u0151i infrastrukt\u00fara fejleszt\u00e9se MFP-FVT\/2020. k\u00f3dsz\u00e1m\u00fa p\u00e1ly\u00e1zati ki\u00edr\u00e1s keret\u00e9ben 16.126.099 Ft.- \u00f6sszeg\u0171 vissza nem t\u00e9r\u00edtend\u0151 t\u00e1mogat\u00e1sban r\u00e9szes\u00fclt.<\/p>\n<p>A projekt keret\u00e9ben az \u00f6nkorm\u00e1nyzat tulajdon\u00e1t k\u00e9pez\u0151 4933. Beregsur\u00e1ny, belter\u00fclet 207\/1 hrsz- \u00fa ingatlanon ker\u00fcl sor a ravataloz\u00f3 \u00e9p\u00fclet\u00e9nek fel\u00faj\u00edt\u00e1s\u00e1ra. \u00a0<\/p>\n<p>A fel\u00faj\u00edt\u00e1s keret\u00e9ben az elkorhadt , elgyeng\u00fclt faszerkezet cser\u00e9j\u00e9re ker\u00fclt sor a fedett terasz illetve a tet\u0151szerkezet vonatkoz\u00e1s\u00e1ban. A tet\u0151h\u00e9jazat palazsindely melyet eszt\u00e9tikus el\u0151korcolt ac\u00e9llemezfed\u00e9sre cser\u00e9lt\u00fcnk. Az \u00e9p\u00fclet tet\u0151szerkezete I. oszt\u00e1ly\u00fa feny\u0151gerend\u00e1kb\u00f3l k\u00e9sz\u00fclt. A kor\u00e1bbi lefoly\u00f3 \u00e9s f\u00fcgg\u0151eresz csatorn\u00e1k elbont\u00e1sra ker\u00fcltek \u00e9s \u00faj eresz \u00e9s lefoly\u00f3csatorna m\u0171anyag bevonatos ac\u00e9llemez elemekb\u0151l t\u00f6rt\u00e9n\u0151 kiv\u00e1lt\u00e1s\u00e1ra ker\u00fclt sor. A p\u00e1rk\u00e1nyok f\u00e9mb\u0151l k\u00e9sz\u00fcltek.<\/p>\n<p>A Magyar Falu Program keret\u00e9ben megval\u00f3sult fejleszt\u00e9s nagy m\u00e9rt\u00e9kben hozz\u00e1j\u00e1rult a telep\u00fcl\u00e9sen a t\u00f6bb \u00e9vtizede \u00e9p\u00fclt ravataloz\u00f3 \u00e9p\u00fclet\u00e9nek fel\u00faj\u00edt\u00e1s\u00e1hoz . \u00a0Tov\u00e1bb\u00e1 szint\u00e9n a p\u00e1ly\u00e1zat keretein bel\u00fcl az \u00d6n\u00e1ll\u00f3an nem t\u00e1mogathat\u00f3 tev\u00e9kenys\u00e9gek is megval\u00f3s\u00edt\u00e1sra ker\u00fcltek , mint a p\u00e1ly\u00e1zati dokument\u00e1ci\u00f3 \u00f6ssze\u00e1ll\u00edt\u00e1sa, a projektmenedzsmenti feladat ell\u00e1t\u00e1sa illetve a t\u00e1j\u00e9koztat\u00e1s nyilv\u00e1noss\u00e1g biztos\u00edt\u00e1sa a Magyar Falu Program Arculati K\u00e9zik\u00f6nyv\u00e9ben foglaltaknak megfelel\u0151en.<\/p>\n","protected":false},"excerpt":{"rendered":"<p>Temet\u0151i infrastrukt\u00fara fejleszt\u00e9seMFP-FVT\/2020.16 126 099 Ft.Beregsur\u00e1ny K\u00f6zs\u00e9g \u00d6nkorm\u00e1nyzata \u00a0 Beregsur\u00e1ny K\u00f6zs\u00e9g \u00d6nkorm\u00e1nyzata a Magyar Falu Program keret\u00e9ben Temet\u0151i infrastrukt\u00fara fejleszt\u00e9se MFP-FVT\/2020. k\u00f3dsz\u00e1m\u00fa p\u00e1ly\u00e1zati ki\u00edr\u00e1s keret\u00e9ben 16.126.099 Ft.- \u00f6sszeg\u0171 vissza nem t\u00e9r\u00edtend\u0151 t\u00e1mogat\u00e1sban r\u00e9szes\u00fclt. A projekt keret\u00e9ben az \u00f6nkorm\u00e1nyzat tulajdon\u00e1t k\u00e9pez\u0151 4933. Beregsur\u00e1ny, belter\u00fclet 207\/1 hrsz- \u00fa ingatlanon ker\u00fcl sor a ravataloz\u00f3 \u00e9p\u00fclet\u00e9nek fel\u00faj\u00edt\u00e1s\u00e1ra. \u00a0 A &hellip; <\/p>\n<p><a class=\"more-link btn\" href=\"https:\/\/beregsurany.hu\/?page_id=421\">Olvass tov\u00e1bb<\/a><\/p>\n","protected":false},"author":1,"featured_media":0,"parent":324,"menu_order":20,"comment_status":"closed","ping_status":"closed","template":"","meta":{"footnotes":""},"class_list":["post-421","page","type-page","status-publish","hentry","nodate","item-wrap"],"_links":{"self":[{"href":"https:\/\/beregsurany.hu\/index.php?rest_route=\/wp\/v2\/pages\/421","targetHints":{"allow":["GET"]}}],"collection":[{"href":"https:\/\/beregsurany.hu\/index.php?rest_route=\/wp\/v2\/pages"}],"about":[{"href":"https:\/\/beregsurany.hu\/index.php?rest_route=\/wp\/v2\/types\/page"}],"author":[{"embeddable":true,"href":"https:\/\/beregsurany.hu\/index.php?rest_route=\/wp\/v2\/users\/1"}],"replies":[{"embeddable":true,"href":"https:\/\/beregsurany.hu\/index.php?rest_route=%2Fwp%2Fv2%2Fcomments&post=421"}],"version-history":[{"count":3,"href":"https:\/\/beregsurany.hu\/index.php?rest_route=\/wp\/v2\/pages\/421\/revisions"}],"predecessor-version":[{"id":431,"href":"https:\/\/beregsurany.hu\/index.php?rest_route=\/wp\/v2\/pages\/421\/revisions\/431"}],"up":[{"embeddable":true,"href":"https:\/\/beregsurany.hu\/index.php?rest_route=\/wp\/v2\/pages\/324"}],"wp:attachment":[{"href":"https:\/\/beregsurany.hu\/index.php?rest_route=%2Fwp%2Fv2%2Fmedia&parent=421"}],"curies":[{"name":"wp","href":"https:\/\/api.w.org\/{rel}","templated":true}]}}