{"id":435,"date":"2021-11-25T17:23:35","date_gmt":"2021-11-25T16:23:35","guid":{"rendered":"http:\/\/beregsurany.hu\/?page_id=435"},"modified":"2021-11-25T17:23:36","modified_gmt":"2021-11-25T16:23:36","slug":"ut-hid-kerekparforgalmi-letesitmeny-epitese-felujitasa-2","status":"publish","type":"page","link":"https:\/\/beregsurany.hu\/?page_id=435","title":{"rendered":"\u00dat, h\u00edd, ker\u00e9kp\u00e1rforgalmi l\u00e9tes\u00edtm\u00e9ny \u00e9p\u00edt\u00e9se\/fel\u00faj\u00edt\u00e1sa"},"content":{"rendered":"\n<p><a href=\"https:\/\/beregsurany.hu\/wp-content\/uploads\/2021\/11\/magyar_falu_program_logo.jpg\"><img loading=\"lazy\" decoding=\"async\" class=\"aligncenter size-medium wp-image-425\" src=\"https:\/\/beregsurany.hu\/wp-content\/uploads\/2021\/11\/magyar_falu_program_logo-298x300.jpg\" alt=\"\" width=\"298\" height=\"300\" srcset=\"https:\/\/beregsurany.hu\/wp-content\/uploads\/2021\/11\/magyar_falu_program_logo-298x300.jpg 298w, https:\/\/beregsurany.hu\/wp-content\/uploads\/2021\/11\/magyar_falu_program_logo-150x150.jpg 150w, https:\/\/beregsurany.hu\/wp-content\/uploads\/2021\/11\/magyar_falu_program_logo.jpg 619w\" sizes=\"auto, (max-width: 298px) 100vw, 298px\" \/><\/a><\/p>\n<h3 style=\"text-align: center;\"><strong>MFP-UHK\/2021.\u00a0 <\/strong><\/h3>\n<h3 style=\"text-align: center;\"><strong>29.032.000 Ft.<\/strong><\/h3>\n<h3 style=\"text-align: center;\"><strong>Beregsur\u00e1ny K\u00f6zs\u00e9g \u00d6nkorm\u00e1nyzata<\/strong><\/h3>\n<p><strong>\u00a0<\/strong><\/p>\n<p>Beregsur\u00e1ny K\u00f6zs\u00e9g \u00d6nkorm\u00e1nyzata a Magyar Falu Program keret\u00e9ben \u00dat, h\u00edd, ker\u00e9kp\u00e1rforgalmi l\u00e9tes\u00edtm\u00e9ny \u00e9p\u00edt\u00e9se\/fel\u00faj\u00edt\u00e1sa MFP-UHK\/2021. k\u00f3dsz\u00e1m\u00fa p\u00e1ly\u00e1zati ki\u00edr\u00e1s keret\u00e9ben 29.032.000 Ft.- \u00f6sszeg\u0171 vissza nem t\u00e9r\u00edtend\u0151 t\u00e1mogat\u00e1sban r\u00e9szes\u00fclt.<\/p>\n<p>A projekt keret\u00e9ben az \u00f6nkorm\u00e1nyzat tulajdon\u00e1t k\u00e9pez\u0151 4933. Beregsur\u00e1ny, belter\u00fclet\u00a0 Pet\u0151fi \u00fat aszfalt burkolat\u00e1nak fel\u00faj\u00edt\u00e1s\u00e1ra.\u00a0 \u00a0<\/p>\n<p>A fel\u00faj\u00edt\u00e1s keret\u00e9ben 80 db r\u00e9gi \u00e9s \u00faj csatlakoz\u00e1s k\u00e9sz\u00edt\u00e9s\u00e9re, 720 m2 megs\u00fcllyedt \u00fatburkolat helyre\u00e1ll\u00edt\u00e1s\u00e1ra illetve 2300 m2 aszfalt kop\u00f3r\u00e9teg k\u00e9sz\u00edt\u00e9s\u00e9re ker\u00fclt sor.<\/p>\n<p>A Magyar Falu Program keret\u00e9ben megval\u00f3sult fejleszt\u00e9s nagy m\u00e9rt\u00e9kben hozz\u00e1j\u00e1rult a telep\u00fcl\u00e9sen a t\u00f6bb \u00e9vtizede \u00e9p\u00fclt \u00fat fel\u00faj\u00edt\u00e1s\u00e1hoz . \u00a0Tov\u00e1bb\u00e1 szint\u00e9n a p\u00e1ly\u00e1zat keretein bel\u00fcl az \u00d6n\u00e1ll\u00f3an nem t\u00e1mogathat\u00f3 tev\u00e9kenys\u00e9gek is megval\u00f3s\u00edt\u00e1sra ker\u00fcltek , mint a p\u00e1ly\u00e1zati dokument\u00e1ci\u00f3 \u00f6ssze\u00e1ll\u00edt\u00e1sa, a projektmenedzsmenti feladat ell\u00e1t\u00e1sa illetve a t\u00e1j\u00e9koztat\u00e1s nyilv\u00e1noss\u00e1g biztos\u00edt\u00e1sa a Magyar Falu Program Arculati K\u00e9zik\u00f6nyv\u00e9ben foglaltaknak megfelel\u0151en.<\/p>\n<p><a href=\"https:\/\/beregsurany.hu\/wp-content\/uploads\/2021\/11\/ut2-scaled.jpg\"><img loading=\"lazy\" decoding=\"async\" class=\"aligncenter wp-image-437 size-large\" src=\"https:\/\/beregsurany.hu\/wp-content\/uploads\/2021\/11\/ut2-1024x699.jpg\" alt=\"\" width=\"847\" height=\"578\" srcset=\"https:\/\/beregsurany.hu\/wp-content\/uploads\/2021\/11\/ut2-1024x699.jpg 1024w, https:\/\/beregsurany.hu\/wp-content\/uploads\/2021\/11\/ut2-300x205.jpg 300w, https:\/\/beregsurany.hu\/wp-content\/uploads\/2021\/11\/ut2-768x524.jpg 768w, https:\/\/beregsurany.hu\/wp-content\/uploads\/2021\/11\/ut2-1536x1048.jpg 1536w, https:\/\/beregsurany.hu\/wp-content\/uploads\/2021\/11\/ut2-2048x1398.jpg 2048w, https:\/\/beregsurany.hu\/wp-content\/uploads\/2021\/11\/ut2-847x578.jpg 847w\" sizes=\"auto, (max-width: 847px) 100vw, 847px\" \/><\/a><br \/><a href=\"https:\/\/beregsurany.hu\/wp-content\/uploads\/2021\/11\/ut1-scaled.jpg\"><img loading=\"lazy\" decoding=\"async\" class=\"aligncenter wp-image-438 size-large\" src=\"https:\/\/beregsurany.hu\/wp-content\/uploads\/2021\/11\/ut1-1024x718.jpg\" alt=\"\" width=\"847\" height=\"594\" srcset=\"https:\/\/beregsurany.hu\/wp-content\/uploads\/2021\/11\/ut1-1024x718.jpg 1024w, https:\/\/beregsurany.hu\/wp-content\/uploads\/2021\/11\/ut1-300x210.jpg 300w, https:\/\/beregsurany.hu\/wp-content\/uploads\/2021\/11\/ut1-768x538.jpg 768w, https:\/\/beregsurany.hu\/wp-content\/uploads\/2021\/11\/ut1-1536x1077.jpg 1536w, https:\/\/beregsurany.hu\/wp-content\/uploads\/2021\/11\/ut1-2048x1436.jpg 2048w, https:\/\/beregsurany.hu\/wp-content\/uploads\/2021\/11\/ut1-847x594.jpg 847w\" sizes=\"auto, (max-width: 847px) 100vw, 847px\" \/><\/a><\/p>\n","protected":false},"excerpt":{"rendered":"<p>MFP-UHK\/2021.\u00a0 29.032.000 Ft. Beregsur\u00e1ny K\u00f6zs\u00e9g \u00d6nkorm\u00e1nyzata \u00a0 Beregsur\u00e1ny K\u00f6zs\u00e9g \u00d6nkorm\u00e1nyzata a Magyar Falu Program keret\u00e9ben \u00dat, h\u00edd, ker\u00e9kp\u00e1rforgalmi l\u00e9tes\u00edtm\u00e9ny \u00e9p\u00edt\u00e9se\/fel\u00faj\u00edt\u00e1sa MFP-UHK\/2021. k\u00f3dsz\u00e1m\u00fa p\u00e1ly\u00e1zati ki\u00edr\u00e1s keret\u00e9ben 29.032.000 Ft.- \u00f6sszeg\u0171 vissza nem t\u00e9r\u00edtend\u0151 t\u00e1mogat\u00e1sban r\u00e9szes\u00fclt. A projekt keret\u00e9ben az \u00f6nkorm\u00e1nyzat tulajdon\u00e1t k\u00e9pez\u0151 4933. Beregsur\u00e1ny, belter\u00fclet\u00a0 Pet\u0151fi \u00fat aszfalt burkolat\u00e1nak fel\u00faj\u00edt\u00e1s\u00e1ra.\u00a0 \u00a0 A fel\u00faj\u00edt\u00e1s keret\u00e9ben 80 db r\u00e9gi &hellip; <\/p>\n<p><a class=\"more-link btn\" href=\"https:\/\/beregsurany.hu\/?page_id=435\">Olvass tov\u00e1bb<\/a><\/p>\n","protected":false},"author":1,"featured_media":0,"parent":324,"menu_order":1,"comment_status":"closed","ping_status":"closed","template":"","meta":{"footnotes":""},"class_list":["post-435","page","type-page","status-publish","hentry","nodate","item-wrap"],"_links":{"self":[{"href":"https:\/\/beregsurany.hu\/index.php?rest_route=\/wp\/v2\/pages\/435","targetHints":{"allow":["GET"]}}],"collection":[{"href":"https:\/\/beregsurany.hu\/index.php?rest_route=\/wp\/v2\/pages"}],"about":[{"href":"https:\/\/beregsurany.hu\/index.php?rest_route=\/wp\/v2\/types\/page"}],"author":[{"embeddable":true,"href":"https:\/\/beregsurany.hu\/index.php?rest_route=\/wp\/v2\/users\/1"}],"replies":[{"embeddable":true,"href":"https:\/\/beregsurany.hu\/index.php?rest_route=%2Fwp%2Fv2%2Fcomments&post=435"}],"version-history":[{"count":1,"href":"https:\/\/beregsurany.hu\/index.php?rest_route=\/wp\/v2\/pages\/435\/revisions"}],"predecessor-version":[{"id":439,"href":"https:\/\/beregsurany.hu\/index.php?rest_route=\/wp\/v2\/pages\/435\/revisions\/439"}],"up":[{"embeddable":true,"href":"https:\/\/beregsurany.hu\/index.php?rest_route=\/wp\/v2\/pages\/324"}],"wp:attachment":[{"href":"https:\/\/beregsurany.hu\/index.php?rest_route=%2Fwp%2Fv2%2Fmedia&parent=435"}],"curies":[{"name":"wp","href":"https:\/\/api.w.org\/{rel}","templated":true}]}}