{"id":454,"date":"2022-11-14T21:17:52","date_gmt":"2022-11-14T20:17:52","guid":{"rendered":"http:\/\/beregsurany.hu\/?page_id=454"},"modified":"2022-11-14T21:17:52","modified_gmt":"2022-11-14T20:17:52","slug":"onkormanyzati-temetok-infrastrukturalis-fejlesztese-mfp-otif-2021","status":"publish","type":"page","link":"https:\/\/beregsurany.hu\/?page_id=454","title":{"rendered":"\u00d6nkorm\u00e1nyzati temet\u0151k infrastrukt\u00far\u00e1lis fejleszt\u00e9se &#8211; MFP-\u00d6TIF\/2021."},"content":{"rendered":"\n\n\n<div class=\"wp-block-image\"><a href=\"https:\/\/beregsurany.hu\/wp-content\/uploads\/2021\/11\/magyar_falu_program_logo.jpg\"><img loading=\"lazy\" decoding=\"async\" class=\"aligncenter size-medium wp-image-425\" src=\"https:\/\/beregsurany.hu\/wp-content\/uploads\/2021\/11\/magyar_falu_program_logo-298x300.jpg\" alt=\"\" width=\"298\" height=\"300\" srcset=\"https:\/\/beregsurany.hu\/wp-content\/uploads\/2021\/11\/magyar_falu_program_logo-298x300.jpg 298w, https:\/\/beregsurany.hu\/wp-content\/uploads\/2021\/11\/magyar_falu_program_logo-150x150.jpg 150w, https:\/\/beregsurany.hu\/wp-content\/uploads\/2021\/11\/magyar_falu_program_logo.jpg 619w\" sizes=\"auto, (max-width: 298px) 100vw, 298px\" \/><\/a>\n<p>\u00a0<\/p>\n<p style=\"text-align: center;\"><strong>\u00d6nkorm\u00e1nyzati temet\u0151k infrastrukt\u00far\u00e1lis fejleszt\u00e9se <\/strong><\/p>\n<p style=\"text-align: center;\"><strong>MFP-\u00d6TIF\/2021. <\/strong><\/p>\n<p style=\"text-align: center;\"><strong>4.999.500 Ft.<\/strong><\/p>\n<p style=\"text-align: center;\"><strong>Beregsur\u00e1ny K\u00f6zs\u00e9g \u00d6nkorm\u00e1nyzata<\/strong><\/p>\n<p><strong>\u00a0<\/strong><\/p>\n<p>Beregsur\u00e1ny K\u00f6zs\u00e9g \u00d6nkorm\u00e1nyzata a Magyar Falu Program keret\u00e9ben Temet\u0151i infrastrukt\u00fara fejleszt\u00e9se MFP-\u00d6TIF\/2022. \u00a0k\u00f3dsz\u00e1m\u00fa p\u00e1ly\u00e1zati ki\u00edr\u00e1s keret\u00e9ben \u00a05.943.311 Ft.- \u00f6sszeg\u0171 vissza nem t\u00e9r\u00edtend\u0151 t\u00e1mogat\u00e1sban r\u00e9szes\u00fclt.<\/p>\n<p>A projekt keret\u00e9ben az \u00f6nkorm\u00e1nyzat tulajdon\u00e1t k\u00e9pez\u0151 4933. Beregsur\u00e1ny, \u00c1rp\u00e1d \u00fat 216 hrsz-\u00fa ingatlanon ker\u00fcl sor temet\u0151 ker\u00edt\u00e9s meg\u00e9p\u00edt\u00e9s\u00e9re.\u00a0 \u00a0<\/p>\n<p>A fel\u00faj\u00edt\u00e1s keret\u00e9ben a a r\u00e9gi dr\u00f3tker\u00edt\u00e9s hely\u00e9re teljesen \u00faj utcafronti ker\u00edt\u00e9s meg\u00e9p\u00edt\u00e9s\u00e9re ker\u00fclt sor.\u00a0<\/p>\n<p>A Magyar Falu Program keret\u00e9ben megval\u00f3sult fejleszt\u00e9s hozz\u00e1j\u00e1rult a telep\u00fcl\u00e9sen l\u00e9v\u0151 temet\u0151 r\u00e9gi rozsd\u00e1s ker\u00edt\u00e9s\u00e9nek egy teljes \u00faj ker\u00edt\u00e9ssel t\u00f6rt\u00e9n\u0151 cser\u00e9j\u00e9hez.<\/p>\n<p>\u00a0Tov\u00e1bb\u00e1 szint\u00e9n a p\u00e1ly\u00e1zat keretein bel\u00fcl az \u00d6n\u00e1ll\u00f3an nem t\u00e1mogathat\u00f3 tev\u00e9kenys\u00e9gek is megval\u00f3s\u00edt\u00e1sra ker\u00fcltek , mint a p\u00e1ly\u00e1zati dokument\u00e1ci\u00f3 \u00f6ssze\u00e1ll\u00edt\u00e1sa, a tervez\u00e9si \u00e9s m\u0171szaki ellen\u0151ri feladatok ell\u00e1t\u00e1sa illetve a t\u00e1j\u00e9koztat\u00e1s nyilv\u00e1noss\u00e1g biztos\u00edt\u00e1sa a Magyar Falu Program Arculati K\u00e9zik\u00f6nyv\u00e9ben foglaltaknak megfelel\u0151en.<\/p>\n<div class=\"wp-block-image\"><a href=\"https:\/\/beregsurany.hu\/wp-content\/uploads\/2022\/11\/urnafal-e1668457043163.jpg\"><img loading=\"lazy\" decoding=\"async\" class=\"aligncenter  wp-image-455\" src=\"https:\/\/beregsurany.hu\/wp-content\/uploads\/2022\/11\/urnafal-e1668457043163.jpg\" alt=\"\" width=\"533\" height=\"432\" srcset=\"https:\/\/beregsurany.hu\/wp-content\/uploads\/2022\/11\/urnafal-e1668457043163.jpg 821w, https:\/\/beregsurany.hu\/wp-content\/uploads\/2022\/11\/urnafal-e1668457043163-300x243.jpg 300w, https:\/\/beregsurany.hu\/wp-content\/uploads\/2022\/11\/urnafal-e1668457043163-768x623.jpg 768w\" sizes=\"auto, (max-width: 533px) 100vw, 533px\" \/><\/a><\/div>\n<\/div>\n<div>\u00a0<\/div>\n","protected":false},"excerpt":{"rendered":"<p>\u00a0 \u00d6nkorm\u00e1nyzati temet\u0151k infrastrukt\u00far\u00e1lis fejleszt\u00e9se MFP-\u00d6TIF\/2021. 4.999.500 Ft. Beregsur\u00e1ny K\u00f6zs\u00e9g \u00d6nkorm\u00e1nyzata \u00a0 Beregsur\u00e1ny K\u00f6zs\u00e9g \u00d6nkorm\u00e1nyzata a Magyar Falu Program keret\u00e9ben Temet\u0151i infrastrukt\u00fara fejleszt\u00e9se MFP-\u00d6TIF\/2022. \u00a0k\u00f3dsz\u00e1m\u00fa p\u00e1ly\u00e1zati ki\u00edr\u00e1s keret\u00e9ben \u00a05.943.311 Ft.- \u00f6sszeg\u0171 vissza nem t\u00e9r\u00edtend\u0151 t\u00e1mogat\u00e1sban r\u00e9szes\u00fclt. A projekt keret\u00e9ben az \u00f6nkorm\u00e1nyzat tulajdon\u00e1t k\u00e9pez\u0151 4933. Beregsur\u00e1ny, \u00c1rp\u00e1d \u00fat 216 hrsz-\u00fa ingatlanon ker\u00fcl sor temet\u0151 ker\u00edt\u00e9s meg\u00e9p\u00edt\u00e9s\u00e9re.\u00a0 &hellip; <\/p>\n<p><a class=\"more-link btn\" href=\"https:\/\/beregsurany.hu\/?page_id=454\">Olvass tov\u00e1bb<\/a><\/p>\n","protected":false},"author":1,"featured_media":0,"parent":0,"menu_order":0,"comment_status":"closed","ping_status":"closed","template":"","meta":{"footnotes":""},"class_list":["post-454","page","type-page","status-publish","hentry","nodate","item-wrap"],"_links":{"self":[{"href":"https:\/\/beregsurany.hu\/index.php?rest_route=\/wp\/v2\/pages\/454","targetHints":{"allow":["GET"]}}],"collection":[{"href":"https:\/\/beregsurany.hu\/index.php?rest_route=\/wp\/v2\/pages"}],"about":[{"href":"https:\/\/beregsurany.hu\/index.php?rest_route=\/wp\/v2\/types\/page"}],"author":[{"embeddable":true,"href":"https:\/\/beregsurany.hu\/index.php?rest_route=\/wp\/v2\/users\/1"}],"replies":[{"embeddable":true,"href":"https:\/\/beregsurany.hu\/index.php?rest_route=%2Fwp%2Fv2%2Fcomments&post=454"}],"version-history":[{"count":1,"href":"https:\/\/beregsurany.hu\/index.php?rest_route=\/wp\/v2\/pages\/454\/revisions"}],"predecessor-version":[{"id":456,"href":"https:\/\/beregsurany.hu\/index.php?rest_route=\/wp\/v2\/pages\/454\/revisions\/456"}],"wp:attachment":[{"href":"https:\/\/beregsurany.hu\/index.php?rest_route=%2Fwp%2Fv2%2Fmedia&parent=454"}],"curies":[{"name":"wp","href":"https:\/\/api.w.org\/{rel}","templated":true}]}}