{"id":469,"date":"2023-05-04T00:29:35","date_gmt":"2023-05-03T22:29:35","guid":{"rendered":"http:\/\/beregsurany.hu\/?page_id=469"},"modified":"2023-05-04T00:32:00","modified_gmt":"2023-05-03T22:32:00","slug":"bolcsode-epitese-es-ovoda-felujitasa-beregsuranyban-2","status":"publish","type":"page","link":"https:\/\/beregsurany.hu\/?page_id=469","title":{"rendered":"B\u00f6lcs\u0151de \u00e9p\u00edt\u00e9se \u00e9s \u00f3voda fel\u00faj\u00edt\u00e1sa Beregsur\u00e1nyban"},"content":{"rendered":"\n\n\n\n\n<p>Projekt azonos\u00edt\u00f3:TOP-1.4.1-15-SB1-2016-00075<br \/>Projekt c\u00edme: B\u00f6lcs\u0151de \u00e9p\u00edt\u00e9se \u00e9s \u00f3voda fel\u00faj\u00edt\u00e1sa Beregsur\u00e1nyban<\/p>\n<p>A projekt keret\u00e9ben Beregsur\u00e1ny K\u00f6zs\u00e9g \u00d6nkorm\u00e1nyzata a 4933. Beregsur\u00e1ny \u00c1rp\u00e1d utca 73. sz\u00e1m alatti ingatlanon megl\u00e9v\u0151 2004 \u00e9vben \u00e9p\u00fclt \u00f3voda \u00e9p\u00fclet\u00e9nek minim\u00e1lis \u00e1talak\u00edt\u00e1s\u00e1t val\u00f3s\u00edtotta meg, a sz\u00fcks\u00e9ges hi\u00e1nyz\u00f3 helyis\u00e9gek meg\u00e9p\u00edt\u00e9s\u00e9vel (b\u0151v\u00edt\u00e9ssel).<\/p>\n<p>A fejleszt\u00e9snek k\u00f6sz\u00f6nhet\u0151en az int\u00e9zm\u00e9nyben egy 25 f\u00e9r\u0151helyes \u00f3vodai csoport \u00e9s egy 7 f\u0151s minib\u00f6lcs\u0151dei csoport m\u0171k\u00f6dik. A megl\u00e9v\u0151 2 csoportos \u00f3vodai funkci\u00f3t ell\u00e1t\u00f3 csoportszoba egyik\u00e9b\u0151l, mini b\u00f6lcs\u0151dei feladat ell\u00e1t\u00f3 gyermekszoba lett kialak\u00edtva, ez\u00e1ltal biztos\u00edtva a felszabadul\u00f3 gyermek\u00f6lt\u00f6z\u0151 \u00e9s gyermekmosd\u00f3 szabv\u00e1nyban el\u0151\u00edrt 1 \u00f3vodai csoportszob\u00e1hoz sz\u00fcks\u00e9ges helyis\u00e9g alapter\u00fclet megl\u00e9t\u00e9t.<\/p>\n<p>A b\u0151v\u00edt\u00e9sben a funkci\u00f3hoz kapcsol\u00f3d\u00f3 kiszolg\u00e1l\u00f3helyis\u00e9gek ker\u00fcltek kialak\u00edt\u00e1sra. Az \u00faj funkci\u00f3 m\u00e1r \u00f6n\u00e1ll\u00f3 megk\u00f6zel\u00edt\u00e9ssel rendelkezik, nem zavarva az \u00f3vodai feladatell\u00e1t\u00e1st. A mini b\u00f6lcs\u0151de kialak\u00edt\u00e1s\u00e1n\u00e1l a 6\/2016. (III. 24.) EMMI rendeletet vett\u00fck figyelembe.<\/p>\n<p>Az \u00e9p\u00edt\u00e9si tev\u00e9kenys\u00e9g (fel\u00faj\u00edt\u00e1s-b\u0151v\u00edt\u00e9s) sor\u00e1n a villamos energiafelhaszn\u00e1l\u00e1st napelemes rendszerrel (alternat\u00edv energiahasznos\u00edt\u00e1s) ker\u00fclt cs\u00f6kkent\u00e9sre.<\/p>\n<p>A fel\u00faj\u00edt\u00e1s \u00e9s \u00e1talak\u00edt\u00e1s tev\u00e9kenys\u00e9gei:<\/p>\n<ul>\n<li>A megl\u00e9v\u0151 \u00e9p\u00fclet\u00e9sz k\u00fcls\u0151 homlokzati fala ut\u00f3lagos h\u0151szigetel\u00e9ssel lett ell\u00e1tva a meg\u00e9p\u00fcl\u0151 b\u0151v\u00edtm\u00e9nnyel egy\u00fctt.<\/li>\n<li>A tornaszoba, sportpadl\u00f3 burkolatot kapott<\/li>\n<li>Az elk\u00fcl\u00f6n\u00edt\u0151 szoba ajtaja \u00fcvegezett ajt\u00f3ra lett kicser\u00e9lve<\/li>\n<li>A megl\u00e9v\u0151 \u00e9s megmarad\u00f3 csoportszob\u00e1ra az elk\u00fcl\u00f6n\u00edt\u0151 szoba fel\u0151l \u00faj ajt\u00f3ny\u00edl\u00e1s ker\u00fclt kialak\u00edt\u00e1sra \u00fcvegezett ajt\u00f3val<\/li>\n<li>A b\u00f6lcs\u0151dei szob\u00e1n is \u00faj ajt\u00f3ny\u00edl\u00e1s ker\u00fclt kiv\u00e1lt\u00e1sra \u00fcvegezett ajt\u00f3val.<\/li>\n<li>A gazdas\u00e1gtalan \u00fczem\u0171 ny\u00edlt \u00e9g\u00e9ster\u0171 kaz\u00e1n kicser\u00e9l\u00e9sre ker\u00fclt \u00faj kondenz\u00e1ci\u00f3s g\u00e1z\u00fczem\u0171 kaz\u00e1nra<\/li>\n<\/ul>\n<p>Figyelemmel a Helyi \u00c9p\u00edt\u00e9si Szab\u00e1lyzatra \u00e9s az abban foglalt el\u0151\u00edr\u00e1sokra, a tervezett 164\/2 helyrajzi sz\u00e1m\u00fa ingatlanon t\u00e9rm\u00e9rt\u00e9k\u00e9t tekintve egy nett\u00f3 161 m2 nett\u00f3 alapter\u00fclet\u0171 \u00e9p\u00edtm\u00e9ny ker\u00fclt kialak\u00edt\u00e1sra, 27 m2 alapter\u00fclet\u0171 fedett terasszal.<\/p>\n<p>A kialak\u00edt\u00e1sra ker\u00fclt \u00e9p\u00fclet f\u00f6ldszintes.<\/p>\n<p>A b\u0151v\u00edtm\u00e9ny a megl\u00e9v\u0151 \u00e9p\u00fclet folytat\u00e1sak\u00e9nt \u00e9p\u00fclt meg st\u00edlus\u00e1ban hasonl\u00f3 m\u00f3don.<\/p>\n<p>A b\u0151v\u00edtm\u00e9nyben a mini b\u00f6lcs\u0151de kiszolg\u00e1l\u00e1s\u00e1hoz sz\u00fcks\u00e9ges helyis\u00e9gek kaptak helyet, de egy nagyobb m\u00e9ret\u0171 irodahelyis\u00e9g is kialak\u00edt\u00e1sra ker\u00fclt a gondoz\u00f3k-nevel\u0151k r\u00e9sz\u00e9re.<\/p>\n<p>A b\u0151v\u00edtm\u00e9nyben kialak\u00edt\u00e1sra ker\u00fclt a dolgoz\u00f3k r\u00e9sz\u00e9re egy teakonyha, illetve egy nagyobb m\u00e9ret\u0171 rakt\u00e1rhelyis\u00e9g is, illetve a b\u00f6lcs\u0151d\u00e9s kor\u00fa gyermekek \u00e9tkeztet\u00e9s\u00e9hez sz\u00fcks\u00e9ges meleg\u00edt\u0151konyha.<\/p>\n<p>A szem\u00e9lyzet r\u00e9sz\u00e9re a megl\u00e9v\u0151 \u00e9p\u00fcletben m\u00e1r kialak\u00edtott \u00f6lt\u00f6z\u0151 \u00e9s vizesblokk k\u00f6z\u00f6s haszn\u00e1lat\u00fa.<\/p>\n<p>A mini b\u00f6lcs\u0151de \u00e9p\u00fcletr\u00e9sz \u00f6n\u00e1ll\u00f3 bej\u00e1rattal is megk\u00f6zel\u00edthet\u0151.<\/p>\n<p>A j\u00e1tsz\u00f3 udvar a t\u00f6mb bels\u0151ben ker\u00fclt kialak\u00edt\u00e1sra r\u00e9szben nyitott \u00e9s n\u00f6v\u00e9nyzettel \u00e1rny\u00e9kolt ker\u00edt\u00e9ssel lehat\u00e1rolt ter\u00fcleten.<\/p>\n\n\n\n<figure class=\"wp-block-gallery has-nested-images columns-default is-cropped wp-block-gallery-1 is-layout-flex wp-block-gallery-is-layout-flex\">\n<figure class=\"wp-block-image size-large\"><img loading=\"lazy\" decoding=\"async\" width=\"955\" height=\"835\" data-id=\"470\" src=\"https:\/\/beregsurany.hu\/wp-content\/uploads\/2023\/05\/Bolcsi001.jpg\" alt=\"\" class=\"wp-image-470\" srcset=\"https:\/\/beregsurany.hu\/wp-content\/uploads\/2023\/05\/Bolcsi001.jpg 955w, https:\/\/beregsurany.hu\/wp-content\/uploads\/2023\/05\/Bolcsi001-300x262.jpg 300w, https:\/\/beregsurany.hu\/wp-content\/uploads\/2023\/05\/Bolcsi001-768x671.jpg 768w, https:\/\/beregsurany.hu\/wp-content\/uploads\/2023\/05\/Bolcsi001-847x741.jpg 847w\" sizes=\"auto, (max-width: 955px) 100vw, 955px\" \/><\/figure>\n\n\n\n<figure class=\"wp-block-image size-large\"><img loading=\"lazy\" decoding=\"async\" width=\"831\" height=\"796\" data-id=\"471\" src=\"https:\/\/beregsurany.hu\/wp-content\/uploads\/2023\/05\/Bolcsi002.jpg\" alt=\"\" class=\"wp-image-471\" srcset=\"https:\/\/beregsurany.hu\/wp-content\/uploads\/2023\/05\/Bolcsi002.jpg 831w, https:\/\/beregsurany.hu\/wp-content\/uploads\/2023\/05\/Bolcsi002-300x287.jpg 300w, https:\/\/beregsurany.hu\/wp-content\/uploads\/2023\/05\/Bolcsi002-768x736.jpg 768w\" sizes=\"auto, (max-width: 831px) 100vw, 831px\" \/><\/figure>\n\n\n\n<figure class=\"wp-block-image size-large\"><img loading=\"lazy\" decoding=\"async\" width=\"768\" height=\"1024\" data-id=\"472\" src=\"https:\/\/beregsurany.hu\/wp-content\/uploads\/2023\/05\/Bolcsi003-768x1024.jpg\" alt=\"\" class=\"wp-image-472\" srcset=\"https:\/\/beregsurany.hu\/wp-content\/uploads\/2023\/05\/Bolcsi003-768x1024.jpg 768w, https:\/\/beregsurany.hu\/wp-content\/uploads\/2023\/05\/Bolcsi003-225x300.jpg 225w, https:\/\/beregsurany.hu\/wp-content\/uploads\/2023\/05\/Bolcsi003-1152x1536.jpg 1152w, https:\/\/beregsurany.hu\/wp-content\/uploads\/2023\/05\/Bolcsi003-847x1130.jpg 847w, https:\/\/beregsurany.hu\/wp-content\/uploads\/2023\/05\/Bolcsi003.jpg 1384w\" sizes=\"auto, (max-width: 768px) 100vw, 768px\" \/><\/figure>\n\n\n\n<figure class=\"wp-block-image size-large\"><img loading=\"lazy\" decoding=\"async\" width=\"768\" height=\"1024\" data-id=\"473\" src=\"https:\/\/beregsurany.hu\/wp-content\/uploads\/2023\/05\/Bolcsi004-768x1024.jpg\" alt=\"\" class=\"wp-image-473\" srcset=\"https:\/\/beregsurany.hu\/wp-content\/uploads\/2023\/05\/Bolcsi004-768x1024.jpg 768w, https:\/\/beregsurany.hu\/wp-content\/uploads\/2023\/05\/Bolcsi004-225x300.jpg 225w, https:\/\/beregsurany.hu\/wp-content\/uploads\/2023\/05\/Bolcsi004-1152x1536.jpg 1152w, https:\/\/beregsurany.hu\/wp-content\/uploads\/2023\/05\/Bolcsi004-847x1130.jpg 847w, https:\/\/beregsurany.hu\/wp-content\/uploads\/2023\/05\/Bolcsi004.jpg 1384w\" sizes=\"auto, (max-width: 768px) 100vw, 768px\" \/><\/figure>\n\n\n\n<figure class=\"wp-block-image size-large\"><img loading=\"lazy\" decoding=\"async\" width=\"768\" height=\"1024\" data-id=\"474\" src=\"https:\/\/beregsurany.hu\/wp-content\/uploads\/2023\/05\/Bolcsi005-768x1024.jpg\" alt=\"\" class=\"wp-image-474\" srcset=\"https:\/\/beregsurany.hu\/wp-content\/uploads\/2023\/05\/Bolcsi005-768x1024.jpg 768w, https:\/\/beregsurany.hu\/wp-content\/uploads\/2023\/05\/Bolcsi005-225x300.jpg 225w, https:\/\/beregsurany.hu\/wp-content\/uploads\/2023\/05\/Bolcsi005-1152x1536.jpg 1152w, https:\/\/beregsurany.hu\/wp-content\/uploads\/2023\/05\/Bolcsi005-847x1130.jpg 847w, https:\/\/beregsurany.hu\/wp-content\/uploads\/2023\/05\/Bolcsi005.jpg 1384w\" sizes=\"auto, (max-width: 768px) 100vw, 768px\" \/><\/figure>\n\n\n\n<figure class=\"wp-block-image size-large\"><img loading=\"lazy\" decoding=\"async\" width=\"768\" height=\"1024\" data-id=\"475\" src=\"https:\/\/beregsurany.hu\/wp-content\/uploads\/2023\/05\/Bolcsi006-768x1024.jpg\" alt=\"\" class=\"wp-image-475\" srcset=\"https:\/\/beregsurany.hu\/wp-content\/uploads\/2023\/05\/Bolcsi006-768x1024.jpg 768w, https:\/\/beregsurany.hu\/wp-content\/uploads\/2023\/05\/Bolcsi006-225x300.jpg 225w, https:\/\/beregsurany.hu\/wp-content\/uploads\/2023\/05\/Bolcsi006-1152x1536.jpg 1152w, https:\/\/beregsurany.hu\/wp-content\/uploads\/2023\/05\/Bolcsi006-847x1130.jpg 847w, https:\/\/beregsurany.hu\/wp-content\/uploads\/2023\/05\/Bolcsi006.jpg 1384w\" sizes=\"auto, (max-width: 768px) 100vw, 768px\" \/><\/figure>\n\n\n\n<figure class=\"wp-block-image size-large\"><img loading=\"lazy\" decoding=\"async\" width=\"768\" height=\"1024\" data-id=\"476\" src=\"https:\/\/beregsurany.hu\/wp-content\/uploads\/2023\/05\/Bolcsi007-768x1024.jpg\" alt=\"\" class=\"wp-image-476\" srcset=\"https:\/\/beregsurany.hu\/wp-content\/uploads\/2023\/05\/Bolcsi007-768x1024.jpg 768w, https:\/\/beregsurany.hu\/wp-content\/uploads\/2023\/05\/Bolcsi007-225x300.jpg 225w, https:\/\/beregsurany.hu\/wp-content\/uploads\/2023\/05\/Bolcsi007-1152x1536.jpg 1152w, https:\/\/beregsurany.hu\/wp-content\/uploads\/2023\/05\/Bolcsi007-847x1130.jpg 847w, https:\/\/beregsurany.hu\/wp-content\/uploads\/2023\/05\/Bolcsi007.jpg 1384w\" sizes=\"auto, (max-width: 768px) 100vw, 768px\" \/><\/figure>\n\n\n\n<figure class=\"wp-block-image size-large\"><img loading=\"lazy\" decoding=\"async\" width=\"768\" height=\"1024\" data-id=\"477\" src=\"https:\/\/beregsurany.hu\/wp-content\/uploads\/2023\/05\/Bolcsi008-768x1024.jpg\" alt=\"\" class=\"wp-image-477\" srcset=\"https:\/\/beregsurany.hu\/wp-content\/uploads\/2023\/05\/Bolcsi008-768x1024.jpg 768w, https:\/\/beregsurany.hu\/wp-content\/uploads\/2023\/05\/Bolcsi008-225x300.jpg 225w, https:\/\/beregsurany.hu\/wp-content\/uploads\/2023\/05\/Bolcsi008-1152x1536.jpg 1152w, https:\/\/beregsurany.hu\/wp-content\/uploads\/2023\/05\/Bolcsi008-847x1130.jpg 847w, https:\/\/beregsurany.hu\/wp-content\/uploads\/2023\/05\/Bolcsi008.jpg 1384w\" sizes=\"auto, (max-width: 768px) 100vw, 768px\" \/><\/figure>\n\n\n\n<figure class=\"wp-block-image size-large\"><img loading=\"lazy\" decoding=\"async\" width=\"768\" height=\"1024\" data-id=\"478\" src=\"https:\/\/beregsurany.hu\/wp-content\/uploads\/2023\/05\/Bolcsi009-768x1024.jpg\" alt=\"\" class=\"wp-image-478\" srcset=\"https:\/\/beregsurany.hu\/wp-content\/uploads\/2023\/05\/Bolcsi009-768x1024.jpg 768w, https:\/\/beregsurany.hu\/wp-content\/uploads\/2023\/05\/Bolcsi009-225x300.jpg 225w, https:\/\/beregsurany.hu\/wp-content\/uploads\/2023\/05\/Bolcsi009-1152x1536.jpg 1152w, https:\/\/beregsurany.hu\/wp-content\/uploads\/2023\/05\/Bolcsi009-847x1130.jpg 847w, https:\/\/beregsurany.hu\/wp-content\/uploads\/2023\/05\/Bolcsi009.jpg 1384w\" sizes=\"auto, (max-width: 768px) 100vw, 768px\" \/><\/figure>\n\n\n\n<figure class=\"wp-block-image size-large\"><img loading=\"lazy\" decoding=\"async\" width=\"768\" height=\"1024\" data-id=\"479\" src=\"https:\/\/beregsurany.hu\/wp-content\/uploads\/2023\/05\/Bolcsi010-768x1024.jpg\" alt=\"\" class=\"wp-image-479\" srcset=\"https:\/\/beregsurany.hu\/wp-content\/uploads\/2023\/05\/Bolcsi010-768x1024.jpg 768w, https:\/\/beregsurany.hu\/wp-content\/uploads\/2023\/05\/Bolcsi010-225x300.jpg 225w, https:\/\/beregsurany.hu\/wp-content\/uploads\/2023\/05\/Bolcsi010-1152x1536.jpg 1152w, https:\/\/beregsurany.hu\/wp-content\/uploads\/2023\/05\/Bolcsi010-847x1130.jpg 847w, https:\/\/beregsurany.hu\/wp-content\/uploads\/2023\/05\/Bolcsi010.jpg 1384w\" sizes=\"auto, (max-width: 768px) 100vw, 768px\" \/><\/figure>\n\n\n\n<figure class=\"wp-block-image size-large\"><img loading=\"lazy\" decoding=\"async\" width=\"768\" height=\"1024\" data-id=\"480\" src=\"https:\/\/beregsurany.hu\/wp-content\/uploads\/2023\/05\/Bolcsi011-768x1024.jpg\" alt=\"\" class=\"wp-image-480\" srcset=\"https:\/\/beregsurany.hu\/wp-content\/uploads\/2023\/05\/Bolcsi011-768x1024.jpg 768w, https:\/\/beregsurany.hu\/wp-content\/uploads\/2023\/05\/Bolcsi011-225x300.jpg 225w, https:\/\/beregsurany.hu\/wp-content\/uploads\/2023\/05\/Bolcsi011-1152x1536.jpg 1152w, https:\/\/beregsurany.hu\/wp-content\/uploads\/2023\/05\/Bolcsi011-847x1130.jpg 847w, https:\/\/beregsurany.hu\/wp-content\/uploads\/2023\/05\/Bolcsi011.jpg 1384w\" sizes=\"auto, (max-width: 768px) 100vw, 768px\" \/><\/figure>\n<\/figure>\n","protected":false},"excerpt":{"rendered":"<p>Projekt azonos\u00edt\u00f3:TOP-1.4.1-15-SB1-2016-00075Projekt c\u00edme: B\u00f6lcs\u0151de \u00e9p\u00edt\u00e9se \u00e9s \u00f3voda fel\u00faj\u00edt\u00e1sa Beregsur\u00e1nyban A projekt keret\u00e9ben Beregsur\u00e1ny K\u00f6zs\u00e9g \u00d6nkorm\u00e1nyzata a 4933. Beregsur\u00e1ny \u00c1rp\u00e1d utca 73. sz\u00e1m alatti ingatlanon megl\u00e9v\u0151 2004 \u00e9vben \u00e9p\u00fclt \u00f3voda \u00e9p\u00fclet\u00e9nek minim\u00e1lis \u00e1talak\u00edt\u00e1s\u00e1t val\u00f3s\u00edtotta meg, a sz\u00fcks\u00e9ges hi\u00e1nyz\u00f3 helyis\u00e9gek meg\u00e9p\u00edt\u00e9s\u00e9vel (b\u0151v\u00edt\u00e9ssel). A fejleszt\u00e9snek k\u00f6sz\u00f6nhet\u0151en az int\u00e9zm\u00e9nyben egy 25 f\u00e9r\u0151helyes \u00f3vodai csoport \u00e9s egy 7 f\u0151s minib\u00f6lcs\u0151dei &hellip; <\/p>\n<p><a class=\"more-link btn\" href=\"https:\/\/beregsurany.hu\/?page_id=469\">Olvass tov\u00e1bb<\/a><\/p>\n","protected":false},"author":1,"featured_media":0,"parent":0,"menu_order":0,"comment_status":"closed","ping_status":"closed","template":"","meta":{"footnotes":""},"class_list":["post-469","page","type-page","status-publish","hentry","nodate","item-wrap"],"_links":{"self":[{"href":"https:\/\/beregsurany.hu\/index.php?rest_route=\/wp\/v2\/pages\/469","targetHints":{"allow":["GET"]}}],"collection":[{"href":"https:\/\/beregsurany.hu\/index.php?rest_route=\/wp\/v2\/pages"}],"about":[{"href":"https:\/\/beregsurany.hu\/index.php?rest_route=\/wp\/v2\/types\/page"}],"author":[{"embeddable":true,"href":"https:\/\/beregsurany.hu\/index.php?rest_route=\/wp\/v2\/users\/1"}],"replies":[{"embeddable":true,"href":"https:\/\/beregsurany.hu\/index.php?rest_route=%2Fwp%2Fv2%2Fcomments&post=469"}],"version-history":[{"count":2,"href":"https:\/\/beregsurany.hu\/index.php?rest_route=\/wp\/v2\/pages\/469\/revisions"}],"predecessor-version":[{"id":483,"href":"https:\/\/beregsurany.hu\/index.php?rest_route=\/wp\/v2\/pages\/469\/revisions\/483"}],"wp:attachment":[{"href":"https:\/\/beregsurany.hu\/index.php?rest_route=%2Fwp%2Fv2%2Fmedia&parent=469"}],"curies":[{"name":"wp","href":"https:\/\/api.w.org\/{rel}","templated":true}]}}