{"id":497,"date":"2023-10-30T19:32:16","date_gmt":"2023-10-30T18:32:16","guid":{"rendered":"http:\/\/beregsurany.hu\/?page_id=497"},"modified":"2024-04-06T21:04:12","modified_gmt":"2024-04-06T19:04:12","slug":"valasztas-2024","status":"publish","type":"page","link":"https:\/\/beregsurany.hu\/?page_id=497","title":{"rendered":"V\u00e1laszt\u00e1s 2024"},"content":{"rendered":"\n\n\n<ol>\n<li><a href=\"https:\/\/beregsurany.hu\/?page_id=503\">V\u00e1laszt\u00e1si szervek<\/a><\/li>\n<li><a href=\"https:\/\/www.valasztas.hu\/ugyintezes\" target=\"_blank\" rel=\"noopener\">V\u00e1laszt\u00e1si \u00fcgyint\u00e9z\u00e9s<\/a><\/li>\n<li><a href=\"https:\/\/beregsurany.hu\/?page_id=510\">2024. \u00e9vi \u00e1ltal\u00e1nos v\u00e1laszt\u00e1sok<\/a><\/li>\n<li><a href=\"https:\/\/www.valasztas.hu\/valasztasok-szavazasok\" target=\"_blank\" rel=\"noopener\">Kor\u00e1bbi v\u00e1laszt\u00e1sok<\/a><\/li>\n<\/ol>\n<div class=\"wp-block-image\"><a href=\"https:\/\/beregsurany.hu\/wp-content\/uploads\/2024\/04\/NVI-hirdetmeny-2024_page-0001-731x1024-1.jpg\"><img loading=\"lazy\" decoding=\"async\" class=\"wpa-warning wpa-image-missing-alt aligncenter size-full wp-image-587\" src=\"https:\/\/beregsurany.hu\/wp-content\/uploads\/2024\/04\/NVI-hirdetmeny-2024_page-0001-731x1024-1.jpg\" alt=\"\" width=\"731\" height=\"1024\" data-warning=\"Missing alt text\" srcset=\"https:\/\/beregsurany.hu\/wp-content\/uploads\/2024\/04\/NVI-hirdetmeny-2024_page-0001-731x1024-1.jpg 731w, https:\/\/beregsurany.hu\/wp-content\/uploads\/2024\/04\/NVI-hirdetmeny-2024_page-0001-731x1024-1-214x300.jpg 214w\" sizes=\"auto, (max-width: 731px) 100vw, 731px\" \/><\/a><\/div>\n","protected":false},"excerpt":{"rendered":"<p>V\u00e1laszt\u00e1si szervek V\u00e1laszt\u00e1si \u00fcgyint\u00e9z\u00e9s 2024. \u00e9vi \u00e1ltal\u00e1nos v\u00e1laszt\u00e1sok Kor\u00e1bbi v\u00e1laszt\u00e1sok<\/p>\n","protected":false},"author":1,"featured_media":0,"parent":0,"menu_order":0,"comment_status":"closed","ping_status":"closed","template":"","meta":{"footnotes":""},"class_list":["post-497","page","type-page","status-publish","hentry","nodate","item-wrap"],"_links":{"self":[{"href":"https:\/\/beregsurany.hu\/index.php?rest_route=\/wp\/v2\/pages\/497","targetHints":{"allow":["GET"]}}],"collection":[{"href":"https:\/\/beregsurany.hu\/index.php?rest_route=\/wp\/v2\/pages"}],"about":[{"href":"https:\/\/beregsurany.hu\/index.php?rest_route=\/wp\/v2\/types\/page"}],"author":[{"embeddable":true,"href":"https:\/\/beregsurany.hu\/index.php?rest_route=\/wp\/v2\/users\/1"}],"replies":[{"embeddable":true,"href":"https:\/\/beregsurany.hu\/index.php?rest_route=%2Fwp%2Fv2%2Fcomments&post=497"}],"version-history":[{"count":6,"href":"https:\/\/beregsurany.hu\/index.php?rest_route=\/wp\/v2\/pages\/497\/revisions"}],"predecessor-version":[{"id":591,"href":"https:\/\/beregsurany.hu\/index.php?rest_route=\/wp\/v2\/pages\/497\/revisions\/591"}],"wp:attachment":[{"href":"https:\/\/beregsurany.hu\/index.php?rest_route=%2Fwp%2Fv2%2Fmedia&parent=497"}],"curies":[{"name":"wp","href":"https:\/\/api.w.org\/{rel}","templated":true}]}}