{"id":503,"date":"2023-10-30T19:50:18","date_gmt":"2023-10-30T18:50:18","guid":{"rendered":"http:\/\/beregsurany.hu\/?page_id=503"},"modified":"2023-10-30T19:52:01","modified_gmt":"2023-10-30T18:52:01","slug":"valasztasi-szervek","status":"publish","type":"page","link":"https:\/\/beregsurany.hu\/?page_id=503","title":{"rendered":"V\u00e1laszt\u00e1si szervek"},"content":{"rendered":"\n\n\n\n\n<p><strong>V\u00e1laszt\u00e1si iroda<\/strong><\/p>\n<p>Iroda vezet\u0151je: G\u00e1l Szilvia<br \/>C\u00edme:<br \/>Telefon:<\/p>\n<p><a href=\"https:\/\/beregsurany.hu\/wp-content\/uploads\/2023\/10\/Beregsurany-Mandatumok-szamarol-szolo-hatarozat.pdf\" target=\"_blank\" rel=\"noopener\">Mand\u00e1tumok sz\u00e1m\u00e1r\u00f3l sz\u00f3l\u00f3 hat\u00e1rozat \u21d3<\/a><br \/>V\u00e1laszt\u00f3ker\u00fcletek kialak\u00edt\u00e1s\u00e1r\u00f3l sz\u00f3l\u00f3 hat\u00e1rozat<br \/>Szavaz\u00f3k\u00f6r\u00f6k kialak\u00edt\u00e1s\u00e1r\u00f3l \u00e9s fel\u00fclvizsg\u00e1lat\u00e1r\u00f3l sz\u00f3l\u00f3 hat\u00e1rozat<\/p>\n<p><strong>V\u00e1laszt\u00e1si bizotts\u00e1g<\/strong><\/p>\n<p>Tagok:<\/p>\n<p>P\u00f3ttagok:<\/p>\n<p>\u00dcl\u00e9sek id\u0151pontjai, napirendi pontok:<\/p>\n<p>Jegyz\u0151k\u00f6nyvei:<\/p>\n<p>Hat\u00e1rozatok:<\/p>\n","protected":false},"excerpt":{"rendered":"<p>V\u00e1laszt\u00e1si iroda Iroda vezet\u0151je: G\u00e1l SzilviaC\u00edme:Telefon: Mand\u00e1tumok sz\u00e1m\u00e1r\u00f3l sz\u00f3l\u00f3 hat\u00e1rozat \u21d3V\u00e1laszt\u00f3ker\u00fcletek kialak\u00edt\u00e1s\u00e1r\u00f3l sz\u00f3l\u00f3 hat\u00e1rozatSzavaz\u00f3k\u00f6r\u00f6k kialak\u00edt\u00e1s\u00e1r\u00f3l \u00e9s fel\u00fclvizsg\u00e1lat\u00e1r\u00f3l sz\u00f3l\u00f3 hat\u00e1rozat V\u00e1laszt\u00e1si bizotts\u00e1g Tagok: P\u00f3ttagok: \u00dcl\u00e9sek id\u0151pontjai, napirendi pontok: Jegyz\u0151k\u00f6nyvei: Hat\u00e1rozatok:<\/p>\n","protected":false},"author":1,"featured_media":0,"parent":0,"menu_order":0,"comment_status":"closed","ping_status":"closed","template":"","meta":{"footnotes":""},"class_list":["post-503","page","type-page","status-publish","hentry","nodate","item-wrap"],"_links":{"self":[{"href":"https:\/\/beregsurany.hu\/index.php?rest_route=\/wp\/v2\/pages\/503","targetHints":{"allow":["GET"]}}],"collection":[{"href":"https:\/\/beregsurany.hu\/index.php?rest_route=\/wp\/v2\/pages"}],"about":[{"href":"https:\/\/beregsurany.hu\/index.php?rest_route=\/wp\/v2\/types\/page"}],"author":[{"embeddable":true,"href":"https:\/\/beregsurany.hu\/index.php?rest_route=\/wp\/v2\/users\/1"}],"replies":[{"embeddable":true,"href":"https:\/\/beregsurany.hu\/index.php?rest_route=%2Fwp%2Fv2%2Fcomments&post=503"}],"version-history":[{"count":2,"href":"https:\/\/beregsurany.hu\/index.php?rest_route=\/wp\/v2\/pages\/503\/revisions"}],"predecessor-version":[{"id":506,"href":"https:\/\/beregsurany.hu\/index.php?rest_route=\/wp\/v2\/pages\/503\/revisions\/506"}],"wp:attachment":[{"href":"https:\/\/beregsurany.hu\/index.php?rest_route=%2Fwp%2Fv2%2Fmedia&parent=503"}],"curies":[{"name":"wp","href":"https:\/\/api.w.org\/{rel}","templated":true}]}}