{"id":510,"date":"2023-10-30T20:00:36","date_gmt":"2023-10-30T19:00:36","guid":{"rendered":"http:\/\/beregsurany.hu\/?page_id=510"},"modified":"2024-04-06T21:04:39","modified_gmt":"2024-04-06T19:04:39","slug":"2024-evi-altalanos-valasztasok","status":"publish","type":"page","link":"https:\/\/beregsurany.hu\/?page_id=510","title":{"rendered":"2024. \u00e9vi \u00e1ltal\u00e1nos v\u00e1laszt\u00e1sok"},"content":{"rendered":"\n<p><a href=\"https:\/\/beregsurany.hu\/?page_id=586\"><span style=\"text-decoration: underline;\"><strong>V\u00e1laszt\u00f3polg\u00e1roknak<\/strong><\/span><\/a><\/p>\n<p><span style=\"text-decoration: underline;\"><strong>Jel\u00f6lteknek<\/strong><\/span><\/p>\n<div class=\"wp-block-image\"><a href=\"https:\/\/beregsurany.hu\/wp-content\/uploads\/2024\/04\/NVI-hirdetmeny-2024_page-0001-731x1024-1.jpg\"><img loading=\"lazy\" decoding=\"async\" class=\"wpa-warning wpa-image-missing-alt aligncenter size-full wp-image-587\" src=\"https:\/\/beregsurany.hu\/wp-content\/uploads\/2024\/04\/NVI-hirdetmeny-2024_page-0001-731x1024-1.jpg\" alt=\"\" width=\"731\" height=\"1024\" data-warning=\"Missing alt text\" srcset=\"https:\/\/beregsurany.hu\/wp-content\/uploads\/2024\/04\/NVI-hirdetmeny-2024_page-0001-731x1024-1.jpg 731w, https:\/\/beregsurany.hu\/wp-content\/uploads\/2024\/04\/NVI-hirdetmeny-2024_page-0001-731x1024-1-214x300.jpg 214w\" sizes=\"auto, (max-width: 731px) 100vw, 731px\" \/><\/a><\/div>\n","protected":false},"excerpt":{"rendered":"<p>V\u00e1laszt\u00f3polg\u00e1roknak Jel\u00f6lteknek<\/p>\n","protected":false},"author":1,"featured_media":0,"parent":0,"menu_order":0,"comment_status":"closed","ping_status":"closed","template":"","meta":{"footnotes":""},"class_list":["post-510","page","type-page","status-publish","hentry","nodate","item-wrap"],"_links":{"self":[{"href":"https:\/\/beregsurany.hu\/index.php?rest_route=\/wp\/v2\/pages\/510","targetHints":{"allow":["GET"]}}],"collection":[{"href":"https:\/\/beregsurany.hu\/index.php?rest_route=\/wp\/v2\/pages"}],"about":[{"href":"https:\/\/beregsurany.hu\/index.php?rest_route=\/wp\/v2\/types\/page"}],"author":[{"embeddable":true,"href":"https:\/\/beregsurany.hu\/index.php?rest_route=\/wp\/v2\/users\/1"}],"replies":[{"embeddable":true,"href":"https:\/\/beregsurany.hu\/index.php?rest_route=%2Fwp%2Fv2%2Fcomments&post=510"}],"version-history":[{"count":3,"href":"https:\/\/beregsurany.hu\/index.php?rest_route=\/wp\/v2\/pages\/510\/revisions"}],"predecessor-version":[{"id":592,"href":"https:\/\/beregsurany.hu\/index.php?rest_route=\/wp\/v2\/pages\/510\/revisions\/592"}],"wp:attachment":[{"href":"https:\/\/beregsurany.hu\/index.php?rest_route=%2Fwp%2Fv2%2Fmedia&parent=510"}],"curies":[{"name":"wp","href":"https:\/\/api.w.org\/{rel}","templated":true}]}}