{"id":565,"date":"2024-01-17T12:04:23","date_gmt":"2024-01-17T11:04:23","guid":{"rendered":"https:\/\/beregsurany.hu\/?page_id=565"},"modified":"2024-01-17T12:04:24","modified_gmt":"2024-01-17T11:04:24","slug":"onkormanyzati-tulajdonban-levo-ingatlanok-fejlesztese","status":"publish","type":"page","link":"https:\/\/beregsurany.hu\/?page_id=565","title":{"rendered":"\u00d6nkorm\u00e1nyzati tulajdonban l\u00e9v\u0151 ingatlanok fejleszt\u00e9se"},"content":{"rendered":"\n<div class=\"wp-block-image\"><a href=\"https:\/\/beregsurany.hu\/wp-content\/uploads\/2021\/11\/magyar_falu_program_logo.jpg\"><img loading=\"lazy\" decoding=\"async\" class=\"wpa-warning wpa-image-missing-alt size-medium wp-image-425 aligncenter\" src=\"https:\/\/beregsurany.hu\/wp-content\/uploads\/2021\/11\/magyar_falu_program_logo-298x300.jpg\" alt=\"\" width=\"298\" height=\"300\" data-warning=\"Missing alt text\" srcset=\"https:\/\/beregsurany.hu\/wp-content\/uploads\/2021\/11\/magyar_falu_program_logo-298x300.jpg 298w, https:\/\/beregsurany.hu\/wp-content\/uploads\/2021\/11\/magyar_falu_program_logo-150x150.jpg 150w, https:\/\/beregsurany.hu\/wp-content\/uploads\/2021\/11\/magyar_falu_program_logo.jpg 619w\" sizes=\"auto, (max-width: 298px) 100vw, 298px\" \/><\/a>\n<p style=\"text-align: center;\"><strong>\u00d6nkorm\u00e1nyzati tulajdonban l\u00e9v\u0151 ingatlanok fejleszt\u00e9se<br \/><\/strong><strong style=\"font-size: revert;\">MFP-\u00d6TIK\/2021.<br \/><\/strong><strong>41.073.583 Ft.<br \/><\/strong><strong>Beregsur\u00e1ny K\u00f6zs\u00e9g \u00d6nkorm\u00e1nyzata<\/strong><\/p>\n<p style=\"text-align: center;\"><strong>\u00a0<\/strong><strong>SZAKMAI BESZ\u00c1MOL\u00d3<\/strong><\/p>\n<p>Beregsur\u00e1ny K\u00f6zs\u00e9g \u00d6nkorm\u00e1nyzata sikeresen p\u00e1ly\u00e1zott az\u00a0 MFP- \u00d6TIK\/2021. alprogram keret\u00e9ben \u00d6nkorm\u00e1nyzati tulajdonban l\u00e9v\u0151 ingatlanok fejleszt\u00e9se \u00a0-2021. c\u00edm\u0171 beszerz\u00e9se t\u00e1rgy\u00e1ban :\u00a0 41.073.53 Ft.- \u00f6sszegben.<\/p>\n<p><strong>Projektel\u0151k\u00e9sz\u00edt\u00e9s keret\u00e9ben:<\/strong><\/p>\n<p>A p\u00e1ly\u00e1zati dokuumnet\u00e1ci\u00f3 \u00f6ssze\u00e1ll\u00edt\u00e1s\u00e1ra megb\u00edz\u00e1si szerz\u0151d\u00e9s megk\u00f6t\u00e9s\u00e9vel ker\u00fclt sor 2021. \u00e1prilis 28. napj\u00e1val. A feladat ell\u00e1t\u00e1s teljes\u00fclt\u00a0 a szerz\u0151d\u00e9ses \u00f6sszeg 2021. m\u00e1jus 28. napj\u00e1val megt\u00f6rt\u00e9nt. \u00a0<strong>\u00a0<\/strong><\/p>\n<p><strong>Projektmenedzsmenti feladatok ell\u00e1t\u00e1sa:<\/strong><\/p>\n<p>Aj\u00e1nlatt\u00e9teli elj\u00e1r\u00e1s lefolytat\u00e1s\u00e1t k\u00f6vet\u0151en ker\u00fclt sor a projektmenedzsment kiv\u00e1laszt\u00e1s\u00e1ra 2022. \u00e1prilis 6. napj\u00e1val t\u00f6rt\u00e9nt a megb\u00edz\u00e1si szerz\u0151d\u00e9s megk\u00f6t\u00e9se. \u00a0<\/p>\n<p>A feladatell\u00e1t\u00e1s megt\u00f6rt\u00e9nt a kifizet\u00e9s teljes\u00fclt.<\/p>\n<p><strong>M\u0171szaki ellen\u0151ri feladatok ell\u00e1t\u00e1sa:<\/strong><strong style=\"font-size: revert;\">\u00a0<\/strong><\/p>\n<p>Aj\u00e1nlatt\u00e9teli elj\u00e1r\u00e1s keret\u00e9ben t\u00f6rt\u00e9nt a m\u0171szaki ellen\u0151r kiv\u00e1laszt\u00e1sa. 2022. j\u00fanius 2. napj\u00e1val megb\u00edz\u00e1si szerz\u0151d\u00e9s megk\u00f6t\u00e9s\u00e9re ker\u00fclt sor. A feladatell\u00e1t\u00e1s megval\u00f3sult 2023. december 7. napj\u00e1val a szerz\u0151d\u00e9ses \u00f6sszeg kifizet\u00e9sre ker\u00fclt.<\/p>\n<p><strong>V\u00e1llalkoz\u00e1si szerz\u0151d\u00e9s &#8211; kivitelez\u00e9s :<\/strong><strong style=\"font-size: revert;\">\u00a0<\/strong><\/p>\n<p>A v\u00e1llakoz\u00e1si szerz\u0151d\u00e9s megk\u00f6t\u00e9s\u00e9re aj\u00e1nlatt\u00e9teli felh\u00edv\u00e1sra \u00e9rkezett aj\u00e1nlatok kiv\u00e1laszt\u00e1si elj\u00e1r\u00e1sa sor\u00e1n ker\u00fclt sor. A v\u00e1llalkoz\u00e1si szerz\u0151d\u00e9s \u00f6sszege: 38.211.781 Ft.- A szerz\u0151d\u00e9s m\u00f3dos\u00edt\u00e1s\u00e1ra 2 alkalommal ker\u00fclt sor.<\/p>\n<p>A munk\u00e1latok 2023. november 30. napj\u00e1val fejez\u0151dtek be \u00e9s megt\u00f6rt\u00e9nt a m\u0171szaki \u00e1tad\u00e1s-\u00e1tv\u00e9teli elj\u00e1r\u00e1s.<\/p>\n<p><strong>T\u00e1j\u00e9koztat\u00e1s, nyilv\u00e1noss\u00e1g biztos\u00edt\u00e1sa:<\/strong><\/p>\n<p>A t\u00e1j\u00e9koztat\u00e1s , nyilv\u00e1noss\u00e1g keret\u00e9ben a t\u00e1mogat\u00f3i t\u00e1bla elk\u00e9sz\u00edttet\u00e9sre ker\u00fclt, azonban a sz\u00e1mla az \u00f6nkorm\u00e1nyzat \u00f6nhib\u00e1j\u00e1n k\u00ed\u00fcl nem ker\u00fclt ki\u00e1ll\u00edt\u00e1sra.<\/p>\n<p>Csak a besz\u00e1mol\u00f3 &#8211; elsz\u00e1mol\u00e1s k\u00e9sz\u00edt\u00e9sekor der\u00fclt ki, hogy a v\u00e1llalkoz\u00f3 nem \u00e1ll\u00edtott ki id\u0151ben sz\u00e1ml\u00e1t a t\u00e1bla elk\u00e9sz\u00edt\u00e9s\u00e9re vonatkoz\u00f3an. \u00a0<\/p>\n<p>A p\u00e1ly\u00e1zat keret\u00e9ben a leromlott \u00e1llag\u00fa \u00e9p\u00fclet teljes eg\u00e9sz\u00e9ben meg\u00fajult \u00e9s m\u00e9lt\u00f3 \u00e9p\u00fclet egy m\u0171eml\u00e9k k\u00f6rnyezetben.<\/p>\n<p>A T\u00e1mogat\u00f3 Okiratban el\u0151\u00edrt c\u00e9loknak megfelel\u0151en \u00e9s rendeltet\u00e9sszer\u0171en t\u00f6rt\u00e9nt a t\u00e1mogat\u00e1s felhaszn\u00e1l\u00e1sa.<\/p>\n<\/div>\n<div>\n<div class=\"wp-block-image\"><a href=\"https:\/\/beregsurany.hu\/wp-content\/uploads\/2024\/01\/Brgsrny_MFP-OTIK_2021_1.jpg\"><img loading=\"lazy\" decoding=\"async\" class=\"wpa-warning wpa-image-missing-alt wp-image-569 size-large aligncenter\" src=\"https:\/\/beregsurany.hu\/wp-content\/uploads\/2024\/01\/Brgsrny_MFP-OTIK_2021_1-1024x768.jpg\" alt=\"\" width=\"847\" height=\"635\" data-warning=\"Missing alt text\" srcset=\"https:\/\/beregsurany.hu\/wp-content\/uploads\/2024\/01\/Brgsrny_MFP-OTIK_2021_1-1024x768.jpg 1024w, https:\/\/beregsurany.hu\/wp-content\/uploads\/2024\/01\/Brgsrny_MFP-OTIK_2021_1-300x225.jpg 300w, https:\/\/beregsurany.hu\/wp-content\/uploads\/2024\/01\/Brgsrny_MFP-OTIK_2021_1-768x576.jpg 768w, https:\/\/beregsurany.hu\/wp-content\/uploads\/2024\/01\/Brgsrny_MFP-OTIK_2021_1-847x635.jpg 847w, https:\/\/beregsurany.hu\/wp-content\/uploads\/2024\/01\/Brgsrny_MFP-OTIK_2021_1.jpg 1252w\" sizes=\"auto, (max-width: 847px) 100vw, 847px\" \/><\/a><\/div>\n<div class=\"wp-block-image\"><a href=\"https:\/\/beregsurany.hu\/wp-content\/uploads\/2024\/01\/Brgsrny_MFP-OTIK_2021_2.jpg\"><img loading=\"lazy\" decoding=\"async\" class=\"wpa-warning wpa-image-missing-alt aligncenter wp-image-568 size-large\" src=\"https:\/\/beregsurany.hu\/wp-content\/uploads\/2024\/01\/Brgsrny_MFP-OTIK_2021_2-1024x768.jpg\" alt=\"\" width=\"847\" height=\"635\" data-warning=\"Missing alt text\" srcset=\"https:\/\/beregsurany.hu\/wp-content\/uploads\/2024\/01\/Brgsrny_MFP-OTIK_2021_2-1024x768.jpg 1024w, https:\/\/beregsurany.hu\/wp-content\/uploads\/2024\/01\/Brgsrny_MFP-OTIK_2021_2-300x225.jpg 300w, https:\/\/beregsurany.hu\/wp-content\/uploads\/2024\/01\/Brgsrny_MFP-OTIK_2021_2-768x576.jpg 768w, https:\/\/beregsurany.hu\/wp-content\/uploads\/2024\/01\/Brgsrny_MFP-OTIK_2021_2-847x635.jpg 847w, https:\/\/beregsurany.hu\/wp-content\/uploads\/2024\/01\/Brgsrny_MFP-OTIK_2021_2.jpg 1252w\" sizes=\"auto, (max-width: 847px) 100vw, 847px\" \/><\/a><\/div>\n<div class=\"wp-block-image\"><a href=\"https:\/\/beregsurany.hu\/wp-content\/uploads\/2024\/01\/Brgsrny_MFP-OTIK_2021_3.jpg\"><img loading=\"lazy\" decoding=\"async\" class=\"wpa-warning wpa-image-missing-alt aligncenter wp-image-567 size-large\" src=\"https:\/\/beregsurany.hu\/wp-content\/uploads\/2024\/01\/Brgsrny_MFP-OTIK_2021_3-1024x588.jpg\" alt=\"\" width=\"847\" height=\"486\" data-warning=\"Missing alt text\" srcset=\"https:\/\/beregsurany.hu\/wp-content\/uploads\/2024\/01\/Brgsrny_MFP-OTIK_2021_3-1024x588.jpg 1024w, https:\/\/beregsurany.hu\/wp-content\/uploads\/2024\/01\/Brgsrny_MFP-OTIK_2021_3-300x172.jpg 300w, https:\/\/beregsurany.hu\/wp-content\/uploads\/2024\/01\/Brgsrny_MFP-OTIK_2021_3-768x441.jpg 768w, https:\/\/beregsurany.hu\/wp-content\/uploads\/2024\/01\/Brgsrny_MFP-OTIK_2021_3-847x486.jpg 847w, https:\/\/beregsurany.hu\/wp-content\/uploads\/2024\/01\/Brgsrny_MFP-OTIK_2021_3.jpg 1251w\" sizes=\"auto, (max-width: 847px) 100vw, 847px\" \/><\/a><\/div>\n<div class=\"wp-block-image\"><a href=\"https:\/\/beregsurany.hu\/wp-content\/uploads\/2024\/01\/Brgsrny_MFP-OTIK_2021_4.jpg\"><img loading=\"lazy\" decoding=\"async\" class=\"wpa-warning wpa-image-missing-alt wp-image-566 size-large aligncenter\" src=\"https:\/\/beregsurany.hu\/wp-content\/uploads\/2024\/01\/Brgsrny_MFP-OTIK_2021_4-768x1024.jpg\" alt=\"\" width=\"768\" height=\"1024\" data-warning=\"Missing alt text\" srcset=\"https:\/\/beregsurany.hu\/wp-content\/uploads\/2024\/01\/Brgsrny_MFP-OTIK_2021_4-768x1025.jpg 768w, https:\/\/beregsurany.hu\/wp-content\/uploads\/2024\/01\/Brgsrny_MFP-OTIK_2021_4-225x300.jpg 225w, https:\/\/beregsurany.hu\/wp-content\/uploads\/2024\/01\/Brgsrny_MFP-OTIK_2021_4-1151x1536.jpg 1151w, https:\/\/beregsurany.hu\/wp-content\/uploads\/2024\/01\/Brgsrny_MFP-OTIK_2021_4-847x1130.jpg 847w, https:\/\/beregsurany.hu\/wp-content\/uploads\/2024\/01\/Brgsrny_MFP-OTIK_2021_4.jpg 1254w\" sizes=\"auto, (max-width: 768px) 100vw, 768px\" \/><\/a><\/div>\n<\/div>\n","protected":false},"excerpt":{"rendered":"<p>\u00d6nkorm\u00e1nyzati tulajdonban l\u00e9v\u0151 ingatlanok fejleszt\u00e9seMFP-\u00d6TIK\/2021.41.073.583 Ft.Beregsur\u00e1ny K\u00f6zs\u00e9g \u00d6nkorm\u00e1nyzata \u00a0SZAKMAI BESZ\u00c1MOL\u00d3 Beregsur\u00e1ny K\u00f6zs\u00e9g \u00d6nkorm\u00e1nyzata sikeresen p\u00e1ly\u00e1zott az\u00a0 MFP- \u00d6TIK\/2021. alprogram keret\u00e9ben \u00d6nkorm\u00e1nyzati tulajdonban l\u00e9v\u0151 ingatlanok fejleszt\u00e9se \u00a0-2021. c\u00edm\u0171 beszerz\u00e9se t\u00e1rgy\u00e1ban :\u00a0 41.073.53 Ft.- \u00f6sszegben. Projektel\u0151k\u00e9sz\u00edt\u00e9s keret\u00e9ben: A p\u00e1ly\u00e1zati dokuumnet\u00e1ci\u00f3 \u00f6ssze\u00e1ll\u00edt\u00e1s\u00e1ra megb\u00edz\u00e1si szerz\u0151d\u00e9s megk\u00f6t\u00e9s\u00e9vel ker\u00fclt sor 2021. \u00e1prilis 28. napj\u00e1val. A feladat ell\u00e1t\u00e1s teljes\u00fclt\u00a0 a szerz\u0151d\u00e9ses \u00f6sszeg &hellip; <\/p>\n<p><a class=\"more-link btn\" href=\"https:\/\/beregsurany.hu\/?page_id=565\">Olvass tov\u00e1bb<\/a><\/p>\n","protected":false},"author":1,"featured_media":0,"parent":0,"menu_order":0,"comment_status":"closed","ping_status":"closed","template":"","meta":{"footnotes":""},"class_list":["post-565","page","type-page","status-publish","hentry","nodate","item-wrap"],"_links":{"self":[{"href":"https:\/\/beregsurany.hu\/index.php?rest_route=\/wp\/v2\/pages\/565","targetHints":{"allow":["GET"]}}],"collection":[{"href":"https:\/\/beregsurany.hu\/index.php?rest_route=\/wp\/v2\/pages"}],"about":[{"href":"https:\/\/beregsurany.hu\/index.php?rest_route=\/wp\/v2\/types\/page"}],"author":[{"embeddable":true,"href":"https:\/\/beregsurany.hu\/index.php?rest_route=\/wp\/v2\/users\/1"}],"replies":[{"embeddable":true,"href":"https:\/\/beregsurany.hu\/index.php?rest_route=%2Fwp%2Fv2%2Fcomments&post=565"}],"version-history":[{"count":1,"href":"https:\/\/beregsurany.hu\/index.php?rest_route=\/wp\/v2\/pages\/565\/revisions"}],"predecessor-version":[{"id":570,"href":"https:\/\/beregsurany.hu\/index.php?rest_route=\/wp\/v2\/pages\/565\/revisions\/570"}],"wp:attachment":[{"href":"https:\/\/beregsurany.hu\/index.php?rest_route=%2Fwp%2Fv2%2Fmedia&parent=565"}],"curies":[{"name":"wp","href":"https:\/\/api.w.org\/{rel}","templated":true}]}}