{"id":586,"date":"2024-04-06T21:02:52","date_gmt":"2024-04-06T19:02:52","guid":{"rendered":"https:\/\/beregsurany.hu\/?page_id=586"},"modified":"2024-04-06T21:02:53","modified_gmt":"2024-04-06T19:02:53","slug":"valasztopolgaroknak","status":"publish","type":"page","link":"https:\/\/beregsurany.hu\/?page_id=586","title":{"rendered":"V\u00e1laszt\u00f3polg\u00e1roknak"},"content":{"rendered":"\n<p><a href=\"https:\/\/vtr.valasztas.hu\/onk2024\/valasztopolgaroknak\/szavazasi-informaciok\/hataridok?tab=voter\">Hat\u00e1rid\u0151k, hat\u00e1rnapok<\/a><\/p>\n<p><a href=\"https:\/\/www.valasztas.hu\/ajanlas-ellenorzes-tajekoztato\">Kit aj\u00e1nlottam?<\/a><\/p>\n<div class=\"wp-block-image\"><a href=\"https:\/\/beregsurany.hu\/wp-content\/uploads\/2024\/04\/NVI-hirdetmeny-2024_page-0001-731x1024-1.jpg\"><img loading=\"lazy\" decoding=\"async\" class=\"wpa-warning wpa-image-missing-alt aligncenter size-full wp-image-587\" src=\"https:\/\/beregsurany.hu\/wp-content\/uploads\/2024\/04\/NVI-hirdetmeny-2024_page-0001-731x1024-1.jpg\" alt=\"\" width=\"731\" height=\"1024\" data-warning=\"Missing alt text\" srcset=\"https:\/\/beregsurany.hu\/wp-content\/uploads\/2024\/04\/NVI-hirdetmeny-2024_page-0001-731x1024-1.jpg 731w, https:\/\/beregsurany.hu\/wp-content\/uploads\/2024\/04\/NVI-hirdetmeny-2024_page-0001-731x1024-1-214x300.jpg 214w\" sizes=\"auto, (max-width: 731px) 100vw, 731px\" \/><\/a><\/div>\n<div class=\"wp-block-image\">\u00a0<\/div>\n","protected":false},"excerpt":{"rendered":"<p>Hat\u00e1rid\u0151k, hat\u00e1rnapok Kit aj\u00e1nlottam? \u00a0<\/p>\n","protected":false},"author":1,"featured_media":0,"parent":0,"menu_order":0,"comment_status":"closed","ping_status":"closed","template":"","meta":{"footnotes":""},"class_list":["post-586","page","type-page","status-publish","hentry","nodate","item-wrap"],"_links":{"self":[{"href":"https:\/\/beregsurany.hu\/index.php?rest_route=\/wp\/v2\/pages\/586","targetHints":{"allow":["GET"]}}],"collection":[{"href":"https:\/\/beregsurany.hu\/index.php?rest_route=\/wp\/v2\/pages"}],"about":[{"href":"https:\/\/beregsurany.hu\/index.php?rest_route=\/wp\/v2\/types\/page"}],"author":[{"embeddable":true,"href":"https:\/\/beregsurany.hu\/index.php?rest_route=\/wp\/v2\/users\/1"}],"replies":[{"embeddable":true,"href":"https:\/\/beregsurany.hu\/index.php?rest_route=%2Fwp%2Fv2%2Fcomments&post=586"}],"version-history":[{"count":1,"href":"https:\/\/beregsurany.hu\/index.php?rest_route=\/wp\/v2\/pages\/586\/revisions"}],"predecessor-version":[{"id":588,"href":"https:\/\/beregsurany.hu\/index.php?rest_route=\/wp\/v2\/pages\/586\/revisions\/588"}],"wp:attachment":[{"href":"https:\/\/beregsurany.hu\/index.php?rest_route=%2Fwp%2Fv2%2Fmedia&parent=586"}],"curies":[{"name":"wp","href":"https:\/\/api.w.org\/{rel}","templated":true}]}}