{"id":611,"date":"2024-09-02T08:59:29","date_gmt":"2024-09-02T06:59:29","guid":{"rendered":"https:\/\/beregsurany.hu\/?page_id=611"},"modified":"2024-09-02T09:01:51","modified_gmt":"2024-09-02T07:01:51","slug":"ut-hid-jarda-epitese-felujitasa-mfp-uhj-2023","status":"publish","type":"page","link":"https:\/\/beregsurany.hu\/?page_id=611","title":{"rendered":"\u00dat, h\u00edd, j\u00e1rda \u00e9p\u00edt\u00e9se\/fel\u00faj\u00edt\u00e1sa MFP-UHJ\/2023."},"content":{"rendered":"\n<div class=\"wp-block-image\"><a href=\"https:\/\/beregsurany.hu\/wp-content\/uploads\/2021\/11\/magyar_falu_program_logo.jpg\"><img loading=\"lazy\" decoding=\"async\" class=\"wpa-warning wpa-image-missing-alt aligncenter wp-image-425 size-medium\" src=\"https:\/\/beregsurany.hu\/wp-content\/uploads\/2021\/11\/magyar_falu_program_logo-298x300.jpg\" alt=\"\" width=\"298\" height=\"300\" data-warning=\"Missing alt text\" srcset=\"https:\/\/beregsurany.hu\/wp-content\/uploads\/2021\/11\/magyar_falu_program_logo-298x300.jpg 298w, https:\/\/beregsurany.hu\/wp-content\/uploads\/2021\/11\/magyar_falu_program_logo-150x150.jpg 150w, https:\/\/beregsurany.hu\/wp-content\/uploads\/2021\/11\/magyar_falu_program_logo.jpg 619w\" sizes=\"auto, (max-width: 298px) 100vw, 298px\" \/><\/a><\/div>\n<p style=\"text-align: center;\"><strong>\u00dat, h\u00edd, j\u00e1rda \u00e9p\u00edt\u00e9se\/fel\u00faj\u00edt\u00e1sa <br \/><\/strong><strong style=\"font-size: revert;\">MFP-UHJ\/2023.\u00a0<br \/><\/strong><strong>44.932.896 Ft.<\/strong><\/p>\n<p style=\"text-align: center;\"><strong>Beregsur\u00e1ny K\u00f6zs\u00e9g \u00d6nkorm\u00e1nyzata<\/strong><\/p>\n<p style=\"text-align: center;\"><strong>\u00a0<\/strong><strong>SZAKMAI BESZ\u00c1MOL\u00d3<\/strong><\/p>\n<p>\u00a0<\/p>\n<p>Beregsur\u00e1ny K\u00f6zs\u00e9g \u00d6nkorm\u00e1nyzata sikeresen p\u00e1ly\u00e1zott az\u00a0 MFP- UHJ\/2023.\u00a0 alprogram keret\u00e9ben \u00dat, h\u00edd, j\u00e1rda \u00e9p\u00edt\u00e9se\/ fel\u00faj\u00edt\u00e1sa -2023 c\u00edm\u0171 beszerz\u00e9se t\u00e1rgy\u00e1ban :\u00a0 44.932.896 Ft.- \u00f6sszegben.<\/p>\n<p><strong>Projektel\u0151k\u00e9sz\u00edt\u00e9s keret\u00e9ben:<\/strong><\/p>\n<p>Tervez\u00e9si feladatok ell\u00e1t\u00e1sa keret\u00e9ben 1.301.750 Ft.- \u00f6sszeg\u0171 tervez\u00e9si d\u00edj megfizet\u00e9s\u00e9re ker\u00fclt sor a 2023. j\u00falius 3. napj\u00e1n k\u00f6t\u00f6tt megb\u00edz\u00e1si szerz\u0151d\u00e9s alapj\u00e1n.<\/p>\n<p><strong>Projektmenedzsmenti feladatok ell\u00e1t\u00e1sa:<\/strong><\/p>\n<p>Aj\u00e1nlatt\u00e9teli elj\u00e1r\u00e1s lefolytat\u00e1s\u00e1t k\u00f6vet\u0151en ker\u00fclt sor a projektmenedzsment kiv\u00e1laszt\u00e1s\u00e1ra\u00a0 2024. febru\u00e1r 7. napj\u00e1val t\u00f6rt\u00e9nt a megb\u00edz\u00e1si szerz\u0151d\u00e9s megk\u00f6t\u00e9se. \u00a0<\/p>\n<p>A feladatell\u00e1t\u00e1s megt\u00f6rt\u00e9nt a kifizet\u00e9s teljes\u00fclt.<\/p>\n<p><strong>M\u0171szaki ellen\u0151ri feladatok ell\u00e1t\u00e1sa: <\/strong><\/p>\n<p><strong>\u00a0<\/strong>Aj\u00e1nlatt\u00e9teli elj\u00e1r\u00e1s keret\u00e9ben t\u00f6rt\u00e9nt a m\u0171szaki ellen\u0151r kiv\u00e1laszt\u00e1sa. 2024. febru\u00e1r 7. napj\u00e1val megb\u00edz\u00e1si szerz\u0151d\u00e9s megk\u00f6t\u00e9s\u00e9re ker\u00fclt sor. A feladatell\u00e1t\u00e1s megval\u00f3sult 2024. m\u00e1jus 6. napj\u00e1val a szerz\u0151d\u00e9ses \u00f6sszeg kifizet\u00e9sre ker\u00fclt.<\/p>\n<p><strong>V\u00e1llalkoz\u00e1si szerz\u0151d\u00e9s &#8211; kivitelez\u00e9s : <\/strong><\/p>\n<p><strong>\u00a0<\/strong>A v\u00e1llakoz\u00e1si szerz\u0151d\u00e9s megk\u00f6t\u00e9s\u00e9re aj\u00e1nlatt\u00e9teli felh\u00edv\u00e1sra \u00e9rkezett aj\u00e1nlatok kiv\u00e1laszt\u00e1si elj\u00e1r\u00e1sa sor\u00e1n ker\u00fclt sor. A v\u00e1llalkoz\u00e1si szerz\u0151d\u00e9s \u00f6sszege: 41.625.296 Ft.- A szerz\u0151d\u00e9s m\u00f3dos\u00edt\u00e1s\u00e1ra\u00a0 nem ker\u00fclt sor.<\/p>\n<p>A munk\u00e1latok munk\u00e1latok elv\u00e9gz\u00e9s\u00e9t k\u00f6vet\u0151en a m\u0171szaki- \u00e1tad\u00e1s \u00e1tv\u00e9telre\u00a0 2024. m\u00e1jus 3. napj\u00e1n ker\u00fclt sor.\u00a0<\/p>\n<p>A T\u00e1mogat\u00f3 Okiratban el\u0151\u00edrt c\u00e9loknak megfelel\u0151en \u00e9s rendeltet\u00e9sszer\u0171en t\u00f6rt\u00e9nt a t\u00e1mogat\u00e1s felhaszn\u00e1l\u00e1sa.<\/p>\n<div class=\"wp-block-image\"><a href=\"https:\/\/beregsurany.hu\/wp-content\/uploads\/2024\/09\/mfp-uhj-2023_2.jpg\"><img loading=\"lazy\" decoding=\"async\" class=\"wpa-warning wpa-image-missing-alt aligncenter size-large wp-image-615\" src=\"https:\/\/beregsurany.hu\/wp-content\/uploads\/2024\/09\/mfp-uhj-2023_2-1024x768.jpg\" alt=\"\" width=\"847\" height=\"635\" data-warning=\"Missing alt text\" srcset=\"https:\/\/beregsurany.hu\/wp-content\/uploads\/2024\/09\/mfp-uhj-2023_2-1024x768.jpg 1024w, https:\/\/beregsurany.hu\/wp-content\/uploads\/2024\/09\/mfp-uhj-2023_2-300x225.jpg 300w, https:\/\/beregsurany.hu\/wp-content\/uploads\/2024\/09\/mfp-uhj-2023_2-768x576.jpg 768w, https:\/\/beregsurany.hu\/wp-content\/uploads\/2024\/09\/mfp-uhj-2023_2-847x636.jpg 847w, https:\/\/beregsurany.hu\/wp-content\/uploads\/2024\/09\/mfp-uhj-2023_2.jpg 1386w\" sizes=\"auto, (max-width: 847px) 100vw, 847px\" \/><\/a><\/div>\n<div class=\"wp-block-image\"><a href=\"https:\/\/beregsurany.hu\/wp-content\/uploads\/2024\/09\/mfp-uhj-2023_1.jpg\"><img loading=\"lazy\" decoding=\"async\" class=\"wpa-warning wpa-image-missing-alt aligncenter size-large wp-image-616\" src=\"https:\/\/beregsurany.hu\/wp-content\/uploads\/2024\/09\/mfp-uhj-2023_1-1024x768.jpg\" alt=\"\" width=\"847\" height=\"635\" data-warning=\"Missing alt text\" srcset=\"https:\/\/beregsurany.hu\/wp-content\/uploads\/2024\/09\/mfp-uhj-2023_1-1024x768.jpg 1024w, https:\/\/beregsurany.hu\/wp-content\/uploads\/2024\/09\/mfp-uhj-2023_1-300x225.jpg 300w, https:\/\/beregsurany.hu\/wp-content\/uploads\/2024\/09\/mfp-uhj-2023_1-768x576.jpg 768w, https:\/\/beregsurany.hu\/wp-content\/uploads\/2024\/09\/mfp-uhj-2023_1-847x636.jpg 847w, https:\/\/beregsurany.hu\/wp-content\/uploads\/2024\/09\/mfp-uhj-2023_1.jpg 1386w\" sizes=\"auto, (max-width: 847px) 100vw, 847px\" \/><\/a><\/div>\n","protected":false},"excerpt":{"rendered":"<p>\u00dat, h\u00edd, j\u00e1rda \u00e9p\u00edt\u00e9se\/fel\u00faj\u00edt\u00e1sa MFP-UHJ\/2023.\u00a044.932.896 Ft. Beregsur\u00e1ny K\u00f6zs\u00e9g \u00d6nkorm\u00e1nyzata \u00a0SZAKMAI BESZ\u00c1MOL\u00d3 \u00a0 Beregsur\u00e1ny K\u00f6zs\u00e9g \u00d6nkorm\u00e1nyzata sikeresen p\u00e1ly\u00e1zott az\u00a0 MFP- UHJ\/2023.\u00a0 alprogram keret\u00e9ben \u00dat, h\u00edd, j\u00e1rda \u00e9p\u00edt\u00e9se\/ fel\u00faj\u00edt\u00e1sa -2023 c\u00edm\u0171 beszerz\u00e9se t\u00e1rgy\u00e1ban :\u00a0 44.932.896 Ft.- \u00f6sszegben. Projektel\u0151k\u00e9sz\u00edt\u00e9s keret\u00e9ben: Tervez\u00e9si feladatok ell\u00e1t\u00e1sa keret\u00e9ben 1.301.750 Ft.- \u00f6sszeg\u0171 tervez\u00e9si d\u00edj megfizet\u00e9s\u00e9re ker\u00fclt sor a 2023. j\u00falius 3. napj\u00e1n k\u00f6t\u00f6tt &hellip; <\/p>\n<p><a class=\"more-link btn\" href=\"https:\/\/beregsurany.hu\/?page_id=611\">Olvass tov\u00e1bb<\/a><\/p>\n","protected":false},"author":1,"featured_media":0,"parent":0,"menu_order":0,"comment_status":"closed","ping_status":"closed","template":"","meta":{"footnotes":""},"class_list":["post-611","page","type-page","status-publish","hentry","nodate","item-wrap"],"_links":{"self":[{"href":"https:\/\/beregsurany.hu\/index.php?rest_route=\/wp\/v2\/pages\/611","targetHints":{"allow":["GET"]}}],"collection":[{"href":"https:\/\/beregsurany.hu\/index.php?rest_route=\/wp\/v2\/pages"}],"about":[{"href":"https:\/\/beregsurany.hu\/index.php?rest_route=\/wp\/v2\/types\/page"}],"author":[{"embeddable":true,"href":"https:\/\/beregsurany.hu\/index.php?rest_route=\/wp\/v2\/users\/1"}],"replies":[{"embeddable":true,"href":"https:\/\/beregsurany.hu\/index.php?rest_route=%2Fwp%2Fv2%2Fcomments&post=611"}],"version-history":[{"count":2,"href":"https:\/\/beregsurany.hu\/index.php?rest_route=\/wp\/v2\/pages\/611\/revisions"}],"predecessor-version":[{"id":617,"href":"https:\/\/beregsurany.hu\/index.php?rest_route=\/wp\/v2\/pages\/611\/revisions\/617"}],"wp:attachment":[{"href":"https:\/\/beregsurany.hu\/index.php?rest_route=%2Fwp%2Fv2%2Fmedia&parent=611"}],"curies":[{"name":"wp","href":"https:\/\/api.w.org\/{rel}","templated":true}]}}