{"id":700,"date":"2025-05-29T19:52:53","date_gmt":"2025-05-29T17:52:53","guid":{"rendered":"https:\/\/beregsurany.hu\/?page_id=700"},"modified":"2025-05-31T20:01:13","modified_gmt":"2025-05-31T18:01:13","slug":"falugondnoki-gepjarmu-beszerzese-mfp-otifb-2024","status":"publish","type":"page","link":"https:\/\/beregsurany.hu\/?page_id=700","title":{"rendered":"Falugondnoki g\u00e9pj\u00e1rm\u0171 beszerz\u00e9se &#8211; MFP-\u00d6TIFB\/2024."},"content":{"rendered":"\n<div class=\"wp-block-image\"><a href=\"https:\/\/beregsurany.hu\/wp-content\/uploads\/2021\/11\/magyar_falu_program_logo.jpg\"><img loading=\"lazy\" decoding=\"async\" class=\"wpa-warning wpa-image-missing-alt aligncenter size-full wp-image-425\" src=\"https:\/\/beregsurany.hu\/wp-content\/uploads\/2021\/11\/magyar_falu_program_logo.jpg\" alt=\"\" width=\"619\" height=\"623\" data-warning=\"Missing alt text\" srcset=\"https:\/\/beregsurany.hu\/wp-content\/uploads\/2021\/11\/magyar_falu_program_logo.jpg 619w, https:\/\/beregsurany.hu\/wp-content\/uploads\/2021\/11\/magyar_falu_program_logo-298x300.jpg 298w, https:\/\/beregsurany.hu\/wp-content\/uploads\/2021\/11\/magyar_falu_program_logo-150x150.jpg 150w\" sizes=\"auto, (max-width: 619px) 100vw, 619px\" \/><\/a><\/div>\n\n\n<p style=\"text-align: center;\"><strong>\u00d6nkorm\u00e1nyzati tulajdon\u00fa ingatlanok fejleszt\u00e9se , \u00f6nkorm\u00e1nyzati feladatell\u00e1t\u00e1shoz kapcsol\u00f3d\u00f3 beszerz\u00e9sek -2024. <\/strong><\/p>\n<p style=\"text-align: center;\"><strong>\u201c Falugondnoki g\u00e9pj\u00e1rm\u0171 beszerz\u00e9se\u201d <\/strong><\/p>\n<p style=\"text-align: center;\"><strong>MFP-\u00d6TIFB\/2024.<\/strong><\/p>\n<p style=\"text-align: center;\"><strong>17 999 999 Ft.<\/strong><\/p>\n<p style=\"text-align: center;\">Beregsur\u00e1ny K\u00f6zs\u00e9g \u00d6nkorm\u00e1nyzata<\/p>\n<p>Beregsur\u00e1ny K\u00f6zs\u00e9g \u00d6nkorm\u00e1nyzata p\u00e1ly\u00e1zatot nyert Magyar Falu Program keret\u00e9ben meghirdetett \u00d6nkorm\u00e1nyzati tulajdon\u00fa ingatlanok fejleszt\u00e9se , \u00f6nkorm\u00e1nyzati feladatell\u00e1t\u00e1shoz kapcsol\u00f3d\u00f3 beszerz\u00e9sek -2024.c\u00edm\u0171 MFP-\u00d6TIFB\/2024. k\u00f3dsz\u00e1m\u00fa p\u00e1ly\u00e1zati ki\u00edr\u00e1sban.<\/p>\n<p>A t\u00e1mogat\u00e1s \u00f6sszege: 17.999.999 Ft.- Tanya &#8211; \u00e9s falugondnoki buszok beszerz\u00e9s\u00e9re<\/p>\n<p><strong><u>A nyilv\u00e1noss\u00e1g biztos\u00edt\u00e1sa keret\u00e9ben<\/u><\/strong> az \u00f6nkorm\u00e1nyzat elk\u00e9sz\u00edtette a t\u00e1mogat\u00f3i t\u00e1bl\u00e1t. A t\u00e1bla kihelyez\u00e9sre ker\u00fclt a kor\u00e1bban m\u00e1r megnyert &#8211; \u00e9s megval\u00f3s\u00edtott projektt\u00e1bl\u00e1k mell\u00e9.<\/p>\n<p><strong><u>Eszk\u00f6zbeszerz\u00e9s biztos\u00edt\u00e1sa: <\/u><\/strong><\/p>\n<p>\u00a0A rendelkez\u00e9sre \u00e1 \u00e1ll\u00f3 forr\u00e1sb\u00f3l megt\u00f6rt\u00e9nt a falugondnoki g\u00e9pj\u00e1rm\u0171 beszerz\u00e9se.<\/p>\n<div class=\"wp-block-image\">\n<div class=\"wp-block-image\"><a href=\"https:\/\/beregsurany.hu\/wp-content\/uploads\/2025\/05\/MFP-OTIFB-2024.-1-scaled-e1748713938379.jpg\"><img loading=\"lazy\" decoding=\"async\" class=\"wpa-warning wpa-image-missing-alt size-large wp-image-702 aligncenter\" src=\"https:\/\/beregsurany.hu\/wp-content\/uploads\/2025\/05\/MFP-OTIFB-2024.-1-scaled-e1748713938379-768x1024.jpg\" alt=\"\" width=\"768\" height=\"1024\" data-warning=\"Missing alt text\" srcset=\"https:\/\/beregsurany.hu\/wp-content\/uploads\/2025\/05\/MFP-OTIFB-2024.-1-scaled-e1748713938379-768x1024.jpg 768w, https:\/\/beregsurany.hu\/wp-content\/uploads\/2025\/05\/MFP-OTIFB-2024.-1-scaled-e1748713938379-225x300.jpg 225w, https:\/\/beregsurany.hu\/wp-content\/uploads\/2025\/05\/MFP-OTIFB-2024.-1-scaled-e1748713938379-1152x1536.jpg 1152w, https:\/\/beregsurany.hu\/wp-content\/uploads\/2025\/05\/MFP-OTIFB-2024.-1-scaled-e1748713938379-1536x2048.jpg 1536w, https:\/\/beregsurany.hu\/wp-content\/uploads\/2025\/05\/MFP-OTIFB-2024.-1-scaled-e1748713938379-847x1129.jpg 847w, https:\/\/beregsurany.hu\/wp-content\/uploads\/2025\/05\/MFP-OTIFB-2024.-1-scaled-e1748713938379.jpg 1920w\" sizes=\"auto, (max-width: 768px) 100vw, 768px\" \/><\/a>\n<div class=\"wp-block-image\" style=\"text-align: center;\"><a href=\"https:\/\/beregsurany.hu\/wp-content\/uploads\/2025\/05\/MFP-OTIFB-2024.-2.jpg\"><img loading=\"lazy\" decoding=\"async\" class=\"wpa-warning wpa-image-missing-alt size-large wp-image-701\" src=\"https:\/\/beregsurany.hu\/wp-content\/uploads\/2025\/05\/MFP-OTIFB-2024.-2-1024x768.jpg\" alt=\"\" width=\"847\" height=\"635\" data-warning=\"Missing alt text\" srcset=\"https:\/\/beregsurany.hu\/wp-content\/uploads\/2025\/05\/MFP-OTIFB-2024.-2-1024x768.jpg 1024w, https:\/\/beregsurany.hu\/wp-content\/uploads\/2025\/05\/MFP-OTIFB-2024.-2-300x225.jpg 300w, https:\/\/beregsurany.hu\/wp-content\/uploads\/2025\/05\/MFP-OTIFB-2024.-2-768x576.jpg 768w, https:\/\/beregsurany.hu\/wp-content\/uploads\/2025\/05\/MFP-OTIFB-2024.-2-847x636.jpg 847w, https:\/\/beregsurany.hu\/wp-content\/uploads\/2025\/05\/MFP-OTIFB-2024.-2.jpg 1386w\" sizes=\"auto, (max-width: 847px) 100vw, 847px\" \/><\/a><\/div>\n<\/div>\n<\/div>","protected":false},"excerpt":{"rendered":"<p>\u00d6nkorm\u00e1nyzati tulajdon\u00fa ingatlanok fejleszt\u00e9se , \u00f6nkorm\u00e1nyzati feladatell\u00e1t\u00e1shoz kapcsol\u00f3d\u00f3 beszerz\u00e9sek -2024. \u201c Falugondnoki g\u00e9pj\u00e1rm\u0171 beszerz\u00e9se\u201d MFP-\u00d6TIFB\/2024. 17 999 999 Ft. Beregsur\u00e1ny K\u00f6zs\u00e9g \u00d6nkorm\u00e1nyzata Beregsur\u00e1ny K\u00f6zs\u00e9g \u00d6nkorm\u00e1nyzata p\u00e1ly\u00e1zatot nyert Magyar Falu Program keret\u00e9ben meghirdetett \u00d6nkorm\u00e1nyzati tulajdon\u00fa ingatlanok fejleszt\u00e9se , \u00f6nkorm\u00e1nyzati feladatell\u00e1t\u00e1shoz kapcsol\u00f3d\u00f3 beszerz\u00e9sek -2024.c\u00edm\u0171 MFP-\u00d6TIFB\/2024. k\u00f3dsz\u00e1m\u00fa p\u00e1ly\u00e1zati ki\u00edr\u00e1sban. A t\u00e1mogat\u00e1s \u00f6sszege: 17.999.999 Ft.- Tanya &#8211; \u00e9s falugondnoki &hellip; <\/p>\n<p><a class=\"more-link btn\" href=\"https:\/\/beregsurany.hu\/?page_id=700\">Olvass tov\u00e1bb<\/a><\/p>\n","protected":false},"author":1,"featured_media":0,"parent":0,"menu_order":0,"comment_status":"closed","ping_status":"closed","template":"","meta":{"footnotes":""},"class_list":["post-700","page","type-page","status-publish","hentry","nodate","item-wrap"],"_links":{"self":[{"href":"https:\/\/beregsurany.hu\/index.php?rest_route=\/wp\/v2\/pages\/700","targetHints":{"allow":["GET"]}}],"collection":[{"href":"https:\/\/beregsurany.hu\/index.php?rest_route=\/wp\/v2\/pages"}],"about":[{"href":"https:\/\/beregsurany.hu\/index.php?rest_route=\/wp\/v2\/types\/page"}],"author":[{"embeddable":true,"href":"https:\/\/beregsurany.hu\/index.php?rest_route=\/wp\/v2\/users\/1"}],"replies":[{"embeddable":true,"href":"https:\/\/beregsurany.hu\/index.php?rest_route=%2Fwp%2Fv2%2Fcomments&post=700"}],"version-history":[{"count":4,"href":"https:\/\/beregsurany.hu\/index.php?rest_route=\/wp\/v2\/pages\/700\/revisions"}],"predecessor-version":[{"id":709,"href":"https:\/\/beregsurany.hu\/index.php?rest_route=\/wp\/v2\/pages\/700\/revisions\/709"}],"wp:attachment":[{"href":"https:\/\/beregsurany.hu\/index.php?rest_route=%2Fwp%2Fv2%2Fmedia&parent=700"}],"curies":[{"name":"wp","href":"https:\/\/api.w.org\/{rel}","templated":true}]}}