{"id":733,"date":"2026-03-28T10:20:59","date_gmt":"2026-03-28T09:20:59","guid":{"rendered":"https:\/\/beregsurany.hu\/?page_id=733"},"modified":"2026-03-28T10:27:33","modified_gmt":"2026-03-28T09:27:33","slug":"valasztasi-szervek-2","status":"publish","type":"page","link":"https:\/\/beregsurany.hu\/?page_id=733","title":{"rendered":"V\u00c1LASZT\u00c1SI SZERVEK"},"content":{"rendered":"\n<table style=\"border-collapse: collapse; width: 100%; height: 550px;\">\n<tbody>\n<tr style=\"height: 39px;\">\n<td style=\"width: 50%; height: 39px;\" colspan=\"2\"><strong>V\u00c1LASZT\u00c1SI IRODA :<\/strong><\/td>\n<\/tr>\n<tr style=\"height: 43px;\">\n<td style=\"width: 50%; height: 43px; border-style: solid; border-color: #000000;\">Helyi V\u00e1laszt\u00e1si iroda vezet\u0151je:\u00a0<\/td>\n<td style=\"width: 50%; height: 43px; border-style: solid; border-color: #000000;\">G\u00e1l Szilvia<\/td>\n<\/tr>\n<tr style=\"height: 39px;\">\n<td style=\"width: 50%; height: 39px; border-style: solid; border-color: #000000;\">Iroda c\u00edme:<\/td>\n<td style=\"width: 50%; height: 39px; border-style: solid; border-color: #000000;\">4933. Beregsur\u00e1ny, Pet\u0151fi \u00fat 1.<\/td>\n<\/tr>\n<tr style=\"height: 39px;\">\n<td style=\"width: 50%; height: 39px; border-style: solid; border-color: #000000;\">Telefon:<\/td>\n<td style=\"width: 50%; height: 39px; border-style: solid; border-color: #000000;\">+36\/20 384-9944<\/td>\n<\/tr>\n<tr style=\"height: 39px;\">\n<td style=\"width: 50%; height: 39px; border-style: solid; border-color: #000000;\">E-mail:<\/td>\n<td style=\"width: 50%; height: 39px; border-style: solid; border-color: #000000;\">beregsurany4@gmail.com<\/td>\n<\/tr>\n<tr style=\"height: 39px;\">\n<td style=\"width: 50%; height: 39px;\">\u00a0<\/td>\n<td style=\"width: 50%; height: 39px;\">\u00a0<\/td>\n<\/tr>\n<tr style=\"height: 39px;\">\n<td style=\"width: 50%; height: 39px;\" colspan=\"2\"><strong>A v\u00e1laszt\u00e1si bizotts\u00e1g tagjainak p\u00f3ttagjainak neve \u00e9s el\u00e9rhet\u0151s\u00e9ge:<\/strong><\/td>\n<\/tr>\n<tr style=\"height: 39px;\">\n<td style=\"width: 50%; height: 39px; border-style: solid; border-color: #000000;\">Simonn\u00e9 Morvai Katalin HVB eln\u00f6k<\/td>\n<td style=\"width: 50%; height: 39px; border-style: solid; border-color: #000000;\">+36\/20 384-9944<\/td>\n<\/tr>\n<tr style=\"height: 39px;\">\n<td style=\"width: 50%; height: 39px; border-style: solid; border-color: #000000;\">K\u00f6v\u00e9r Zolt\u00e1nn\u00e9 HVB eln\u00f6k helyettes<\/td>\n<td style=\"width: 50%; height: 39px; border-style: solid; border-color: #000000;\">+36\/20 384-9944<\/td>\n<\/tr>\n<tr style=\"height: 39px;\">\n<td style=\"width: 50%; height: 39px; border-style: solid; border-color: #000000;\">\u00c1br\u00e1n Csab\u00e1n\u00e9 HVB tag<\/td>\n<td style=\"width: 50%; height: 39px; border-style: solid; border-color: #000000;\">+36\/20 384-9944<\/td>\n<\/tr>\n<tr style=\"height: 39px;\">\n<td style=\"width: 50%; height: 39px; border-style: solid; border-color: #000000;\">N\u00e9methn\u00e9 Sukta Magdolna HVB tag<\/td>\n<td style=\"width: 50%; height: 39px; border-style: solid; border-color: #000000;\">+36\/20 384-9944<\/td>\n<\/tr>\n<tr style=\"height: 39px;\">\n<td style=\"width: 50%; height: 39px; border-style: solid; border-color: #000000;\">S\u00e1rga Evelin HVB tag<\/td>\n<td style=\"width: 50%; height: 39px; border-style: solid; border-color: #000000;\">+36\/20 384-9944<\/td>\n<\/tr>\n<tr style=\"height: 39px;\">\n<td style=\"width: 50%; height: 39px; border-style: solid; border-color: #000000;\">Kalm\u00e1r S\u00e1ndorn\u00e9 HVB p\u00f3ttag<\/td>\n<td style=\"width: 50%; height: 39px; border-style: solid; border-color: #000000;\">+36\/20 384-9944<\/td>\n<\/tr>\n<tr style=\"height: 39px;\">\n<td style=\"width: 50%; height: 39px; border-style: solid; border-color: #000000;\">Sukt\u00e1n\u00e9 T\u00f3th Mariann HVB p\u00f3ttag<\/td>\n<td style=\"width: 50%; height: 39px; border-style: solid; border-color: #000000;\">+36\/20 384-9944<\/td>\n<\/tr>\n<\/tbody>\n<\/table>\n","protected":false},"excerpt":{"rendered":"<p>V\u00c1LASZT\u00c1SI IRODA : Helyi V\u00e1laszt\u00e1si iroda vezet\u0151je:\u00a0 G\u00e1l Szilvia Iroda c\u00edme: 4933. Beregsur\u00e1ny, Pet\u0151fi \u00fat 1. Telefon: +36\/20 384-9944 E-mail: beregsurany4@gmail.com \u00a0 \u00a0 A v\u00e1laszt\u00e1si bizotts\u00e1g tagjainak p\u00f3ttagjainak neve \u00e9s el\u00e9rhet\u0151s\u00e9ge: Simonn\u00e9 Morvai Katalin HVB eln\u00f6k +36\/20 384-9944 K\u00f6v\u00e9r Zolt\u00e1nn\u00e9 HVB eln\u00f6k helyettes +36\/20 384-9944 \u00c1br\u00e1n Csab\u00e1n\u00e9 HVB tag +36\/20 384-9944 N\u00e9methn\u00e9 Sukta Magdolna HVB &hellip; <\/p>\n<p><a class=\"more-link btn\" href=\"https:\/\/beregsurany.hu\/?page_id=733\">Olvass tov\u00e1bb<\/a><\/p>\n","protected":false},"author":1,"featured_media":0,"parent":0,"menu_order":0,"comment_status":"closed","ping_status":"closed","template":"","meta":{"footnotes":""},"class_list":["post-733","page","type-page","status-publish","hentry","nodate","item-wrap"],"_links":{"self":[{"href":"https:\/\/beregsurany.hu\/index.php?rest_route=\/wp\/v2\/pages\/733","targetHints":{"allow":["GET"]}}],"collection":[{"href":"https:\/\/beregsurany.hu\/index.php?rest_route=\/wp\/v2\/pages"}],"about":[{"href":"https:\/\/beregsurany.hu\/index.php?rest_route=\/wp\/v2\/types\/page"}],"author":[{"embeddable":true,"href":"https:\/\/beregsurany.hu\/index.php?rest_route=\/wp\/v2\/users\/1"}],"replies":[{"embeddable":true,"href":"https:\/\/beregsurany.hu\/index.php?rest_route=%2Fwp%2Fv2%2Fcomments&post=733"}],"version-history":[{"count":3,"href":"https:\/\/beregsurany.hu\/index.php?rest_route=\/wp\/v2\/pages\/733\/revisions"}],"predecessor-version":[{"id":738,"href":"https:\/\/beregsurany.hu\/index.php?rest_route=\/wp\/v2\/pages\/733\/revisions\/738"}],"wp:attachment":[{"href":"https:\/\/beregsurany.hu\/index.php?rest_route=%2Fwp%2Fv2%2Fmedia&parent=733"}],"curies":[{"name":"wp","href":"https:\/\/api.w.org\/{rel}","templated":true}]}}